{"id":11795,"date":"2023-10-15T12:50:34","date_gmt":"2023-10-15T12:50:34","guid":{"rendered":"https:\/\/qualitlimousine.com\/fr\/?post_type=product&#038;p=11795"},"modified":"2025-02-18T18:36:56","modified_gmt":"2025-02-18T23:36:56","slug":"city-tour-suv","status":"publish","type":"product","link":"https:\/\/qualitlimousine.com\/fr\/produit\/city-tour-suv\/","title":{"rendered":"<strong>Visite de la ville en VUS<\/strong>"},"content":{"rendered":"<p>Tous nos forfaits de visite de la ville en VUS comprennent les \u00e9l\u00e9ments suivants:<\/p>\n<ul>\n<li>Jusqu&#8217;\u00e0 5 passagers<\/li>\n<li>Bouteilles d&#8217;eau<\/li>\n<\/ul>\n<p>&nbsp;<\/p>\n<ol>\n<li>Forfait de 2 heures = visite rapide<\/li>\n<li>Forfait de 4 heures = visite de demi-journ\u00e9e<\/li>\n<li>Forfait de 6 heures = visite presque compl\u00e8te de la journ\u00e9e<\/li>\n<li>Forfait de 8 heures = visite compl\u00e8te de Montr\u00e9al<\/li>\n<\/ol>\n<p><strong>UN GUIDE TOURISTIQUE EST DISPONIBLE SUR DEMANDE<\/strong><\/p>\n<p>Un de nos repr\u00e9sentants vous contactera pour revoir les d\u00e9tails apr\u00e8s l&#8217;achat.\u00a0 Des frais suppl\u00e9mentaires peuvent s&#8217;appliquer lors de la validation de la commande. Vous pouvez toujours nous appeler au \u00a0\u00a0 \u00a0\u00a0 \u00a0\u00a0 \u00a0\u00a0 \u00a0\u00a0 \u00a0\u00a0 \u00a0\u00a0 \u00a0\u00a0 \u00a0\u00a0 <a href=\"tel:+1-450-639-6393\">1-450-639-6393<\/a> ou nous envoyer un courriel \u00e0 <a href=\"mailto:info@qualitlimousine.com\">info@qualitlimousine.com<\/a> si vous avez des questions.<\/p>\n","protected":false},"excerpt":{"rendered":"<p>Un VUS pour\u00a0 visite de la ville est un type de v\u00e9hicule tout-terrain utilis\u00e9 pour des visites guid\u00e9es des zones urbaines. Ces VUS sont souvent choisis pour leur confort, leurs int\u00e9rieurs spacieux et leur capacit\u00e9 \u00e0 naviguer dans les rues de la ville, offrant aux passagers un moyen agr\u00e9able et pratique d&#8217;explorer les attractions de la ville. Les VUS pour les visites de la ville sont g\u00e9n\u00e9ralement utilis\u00e9s pour des visites en petit groupe ou priv\u00e9es et peuvent inclure des caract\u00e9ristiques telles que de grandes fen\u00eatres pour les vues, la climatisation et les services d&#8217;un guide ou d&#8217;un chauffeur exp\u00e9riment\u00e9 capable de fournir des informations sur les points d&#8217;int\u00e9r\u00eat et l&#8217;histoire de la ville.\u00a0 Ces visites peuvent \u00eatre personnalis\u00e9es pour inclure des arr\u00eats \u00e0 divers lieux d&#8217;int\u00e9r\u00eat, offrant ainsi un moyen informatif et agr\u00e9able de d\u00e9couvrir une ville.<\/p>\n","protected":false},"featured_media":11809,"template":"","meta":{"nf_dc_page":"","om_disable_all_campaigns":false,"_themeisle_gutenberg_block_has_review":false},"product_brand":[],"product_cat":[40],"product_tag":[],"class_list":{"0":"post-11795","1":"product","2":"type-product","3":"status-publish","4":"has-post-thumbnail","6":"product_cat-visites-de-ville","8":"first","9":"instock","10":"taxable","11":"shipping-taxable","12":"product-type-simple"},"yoast_head":"<!-- This site is optimized with the Yoast SEO plugin v27.4 - https:\/\/yoast.com\/product\/yoast-seo-wordpress\/ -->\n<title>Visite de la ville en VUS - QualiT Limousine<\/title>\n<meta name=\"robots\" content=\"noindex, follow, max-snippet:-1, max-image-preview:large, max-video-preview:-1\" \/>\n<meta property=\"og:locale\" content=\"en_US\" \/>\n<meta property=\"og:type\" content=\"article\" \/>\n<meta property=\"og:title\" content=\"Visite de la ville en VUS - QualiT Limousine\" \/>\n<meta property=\"og:description\" content=\"Un VUS pour\u00a0 visite de la ville est un type de v\u00e9hicule tout-terrain utilis\u00e9 pour des visites guid\u00e9es des zones urbaines. Ces VUS sont souvent choisis pour leur confort, leurs int\u00e9rieurs spacieux et leur capacit\u00e9 \u00e0 naviguer dans les rues de la ville, offrant aux passagers un moyen agr\u00e9able et pratique d&#039;explorer les attractions de la ville. Les VUS pour les visites de la ville sont g\u00e9n\u00e9ralement utilis\u00e9s pour des visites en petit groupe ou priv\u00e9es et peuvent inclure des caract\u00e9ristiques telles que de grandes fen\u00eatres pour les vues, la climatisation et les services d&#039;un guide ou d&#039;un chauffeur exp\u00e9riment\u00e9 capable de fournir des informations sur les points d&#039;int\u00e9r\u00eat et l&#039;histoire de la ville.\u00a0 Ces visites peuvent \u00eatre personnalis\u00e9es pour inclure des arr\u00eats \u00e0 divers lieux d&#039;int\u00e9r\u00eat, offrant ainsi un moyen informatif et agr\u00e9able de d\u00e9couvrir une ville.\" \/>\n<meta property=\"og:url\" content=\"https:\/\/qualitlimousine.com\/fr\/produit\/city-tour-suv\/\" \/>\n<meta property=\"og:site_name\" content=\"QualiT Limousine\" \/>\n<meta property=\"article:publisher\" content=\"https:\/\/www.facebook.com\/qualit.limousine\" \/>\n<meta property=\"article:modified_time\" content=\"2025-02-18T23:36:56+00:00\" \/>\n<meta property=\"og:image\" content=\"https:\/\/qualitlimousine.com\/fr\/wp-content\/uploads\/2023\/10\/s1.jpg\" \/>\n\t<meta property=\"og:image:width\" content=\"600\" \/>\n\t<meta property=\"og:image:height\" content=\"400\" \/>\n\t<meta property=\"og:image:type\" content=\"image\/jpeg\" \/>\n<meta name=\"twitter:card\" content=\"summary_large_image\" \/>\n<meta name=\"twitter:label1\" content=\"Est. reading time\" \/>\n\t<meta name=\"twitter:data1\" content=\"1 minute\" \/>\n<script type=\"application\/ld+json\" class=\"yoast-schema-graph\">{\"@context\":\"https:\\\/\\\/schema.org\",\"@graph\":[{\"@type\":\"WebPage\",\"@id\":\"https:\\\/\\\/qualitlimousine.com\\\/fr\\\/produit\\\/city-tour-suv\\\/\",\"url\":\"https:\\\/\\\/qualitlimousine.com\\\/fr\\\/produit\\\/city-tour-suv\\\/\",\"name\":\"Visite de la ville en VUS - QualiT Limousine\",\"isPartOf\":{\"@id\":\"https:\\\/\\\/qualitlimousine.com\\\/fr\\\/#website\"},\"primaryImageOfPage\":{\"@id\":\"https:\\\/\\\/qualitlimousine.com\\\/fr\\\/produit\\\/city-tour-suv\\\/#primaryimage\"},\"image\":{\"@id\":\"https:\\\/\\\/qualitlimousine.com\\\/fr\\\/produit\\\/city-tour-suv\\\/#primaryimage\"},\"thumbnailUrl\":\"https:\\\/\\\/i0.wp.com\\\/qualitlimousine.com\\\/fr\\\/wp-content\\\/uploads\\\/2023\\\/10\\\/s1.jpg?fit=600%2C400&ssl=1\",\"datePublished\":\"2023-10-15T12:50:34+00:00\",\"dateModified\":\"2025-02-18T23:36:56+00:00\",\"breadcrumb\":{\"@id\":\"https:\\\/\\\/qualitlimousine.com\\\/fr\\\/produit\\\/city-tour-suv\\\/#breadcrumb\"},\"inLanguage\":\"en-US\",\"potentialAction\":[{\"@type\":\"ReadAction\",\"target\":[\"https:\\\/\\\/qualitlimousine.com\\\/fr\\\/produit\\\/city-tour-suv\\\/\"]}]},{\"@type\":\"ImageObject\",\"inLanguage\":\"en-US\",\"@id\":\"https:\\\/\\\/qualitlimousine.com\\\/fr\\\/produit\\\/city-tour-suv\\\/#primaryimage\",\"url\":\"https:\\\/\\\/i0.wp.com\\\/qualitlimousine.com\\\/fr\\\/wp-content\\\/uploads\\\/2023\\\/10\\\/s1.jpg?fit=600%2C400&ssl=1\",\"contentUrl\":\"https:\\\/\\\/i0.wp.com\\\/qualitlimousine.com\\\/fr\\\/wp-content\\\/uploads\\\/2023\\\/10\\\/s1.jpg?fit=600%2C400&ssl=1\",\"width\":600,\"height\":400},{\"@type\":\"BreadcrumbList\",\"@id\":\"https:\\\/\\\/qualitlimousine.com\\\/fr\\\/produit\\\/city-tour-suv\\\/#breadcrumb\",\"itemListElement\":[{\"@type\":\"ListItem\",\"position\":1,\"name\":\"Home\",\"item\":\"https:\\\/\\\/qualitlimousine.com\\\/fr\\\/\"},{\"@type\":\"ListItem\",\"position\":2,\"name\":\"\u00a0Forfaits\u00a0\",\"item\":\"https:\\\/\\\/qualitlimousine.com\\\/fr\\\/forfaits\\\/\"},{\"@type\":\"ListItem\",\"position\":3,\"name\":\"Visite de la ville en VUS\"}]},{\"@type\":\"WebSite\",\"@id\":\"https:\\\/\\\/qualitlimousine.com\\\/fr\\\/#website\",\"url\":\"https:\\\/\\\/qualitlimousine.com\\\/fr\\\/\",\"name\":\"Qualit Limousine\",\"description\":\"Montreal Limousine Service\",\"publisher\":{\"@id\":\"https:\\\/\\\/qualitlimousine.com\\\/fr\\\/#organization\"},\"potentialAction\":[{\"@type\":\"SearchAction\",\"target\":{\"@type\":\"EntryPoint\",\"urlTemplate\":\"https:\\\/\\\/qualitlimousine.com\\\/fr\\\/?s={search_term_string}\"},\"query-input\":{\"@type\":\"PropertyValueSpecification\",\"valueRequired\":true,\"valueName\":\"search_term_string\"}}],\"inLanguage\":\"en-US\"},{\"@type\":\"Organization\",\"@id\":\"https:\\\/\\\/qualitlimousine.com\\\/fr\\\/#organization\",\"name\":\"Qualit Limousine\",\"url\":\"https:\\\/\\\/qualitlimousine.com\\\/fr\\\/\",\"logo\":{\"@type\":\"ImageObject\",\"inLanguage\":\"en-US\",\"@id\":\"https:\\\/\\\/qualitlimousine.com\\\/fr\\\/#\\\/schema\\\/logo\\\/image\\\/\",\"url\":\"https:\\\/\\\/qualitlimousine.com\\\/fr\\\/wp-content\\\/uploads\\\/2019\\\/04\\\/1-1.jpg\",\"contentUrl\":\"https:\\\/\\\/qualitlimousine.com\\\/fr\\\/wp-content\\\/uploads\\\/2019\\\/04\\\/1-1.jpg\",\"width\":61,\"height\":58,\"caption\":\"Qualit Limousine\"},\"image\":{\"@id\":\"https:\\\/\\\/qualitlimousine.com\\\/fr\\\/#\\\/schema\\\/logo\\\/image\\\/\"},\"sameAs\":[\"https:\\\/\\\/www.facebook.com\\\/qualit.limousine\"]}]}<\/script>\n<!-- \/ Yoast SEO plugin. -->","yoast_head_json":{"title":"Visite de la ville en VUS - QualiT Limousine","robots":{"index":"noindex","follow":"follow","max-snippet":"max-snippet:-1","max-image-preview":"max-image-preview:large","max-video-preview":"max-video-preview:-1"},"og_locale":"en_US","og_type":"article","og_title":"Visite de la ville en VUS - QualiT Limousine","og_description":"Un VUS pour\u00a0 visite de la ville est un type de v\u00e9hicule tout-terrain utilis\u00e9 pour des visites guid\u00e9es des zones urbaines. Ces VUS sont souvent choisis pour leur confort, leurs int\u00e9rieurs spacieux et leur capacit\u00e9 \u00e0 naviguer dans les rues de la ville, offrant aux passagers un moyen agr\u00e9able et pratique d'explorer les attractions de la ville. Les VUS pour les visites de la ville sont g\u00e9n\u00e9ralement utilis\u00e9s pour des visites en petit groupe ou priv\u00e9es et peuvent inclure des caract\u00e9ristiques telles que de grandes fen\u00eatres pour les vues, la climatisation et les services d'un guide ou d'un chauffeur exp\u00e9riment\u00e9 capable de fournir des informations sur les points d'int\u00e9r\u00eat et l'histoire de la ville.\u00a0 Ces visites peuvent \u00eatre personnalis\u00e9es pour inclure des arr\u00eats \u00e0 divers lieux d'int\u00e9r\u00eat, offrant ainsi un moyen informatif et agr\u00e9able de d\u00e9couvrir une ville.","og_url":"https:\/\/qualitlimousine.com\/fr\/produit\/city-tour-suv\/","og_site_name":"QualiT Limousine","article_publisher":"https:\/\/www.facebook.com\/qualit.limousine","article_modified_time":"2025-02-18T23:36:56+00:00","og_image":[{"width":600,"height":400,"url":"https:\/\/qualitlimousine.com\/fr\/wp-content\/uploads\/2023\/10\/s1.jpg","type":"image\/jpeg"}],"twitter_card":"summary_large_image","twitter_misc":{"Est. reading time":"1 minute"},"schema":{"@context":"https:\/\/schema.org","@graph":[{"@type":"WebPage","@id":"https:\/\/qualitlimousine.com\/fr\/produit\/city-tour-suv\/","url":"https:\/\/qualitlimousine.com\/fr\/produit\/city-tour-suv\/","name":"Visite de la ville en VUS - QualiT Limousine","isPartOf":{"@id":"https:\/\/qualitlimousine.com\/fr\/#website"},"primaryImageOfPage":{"@id":"https:\/\/qualitlimousine.com\/fr\/produit\/city-tour-suv\/#primaryimage"},"image":{"@id":"https:\/\/qualitlimousine.com\/fr\/produit\/city-tour-suv\/#primaryimage"},"thumbnailUrl":"https:\/\/i0.wp.com\/qualitlimousine.com\/fr\/wp-content\/uploads\/2023\/10\/s1.jpg?fit=600%2C400&ssl=1","datePublished":"2023-10-15T12:50:34+00:00","dateModified":"2025-02-18T23:36:56+00:00","breadcrumb":{"@id":"https:\/\/qualitlimousine.com\/fr\/produit\/city-tour-suv\/#breadcrumb"},"inLanguage":"en-US","potentialAction":[{"@type":"ReadAction","target":["https:\/\/qualitlimousine.com\/fr\/produit\/city-tour-suv\/"]}]},{"@type":"ImageObject","inLanguage":"en-US","@id":"https:\/\/qualitlimousine.com\/fr\/produit\/city-tour-suv\/#primaryimage","url":"https:\/\/i0.wp.com\/qualitlimousine.com\/fr\/wp-content\/uploads\/2023\/10\/s1.jpg?fit=600%2C400&ssl=1","contentUrl":"https:\/\/i0.wp.com\/qualitlimousine.com\/fr\/wp-content\/uploads\/2023\/10\/s1.jpg?fit=600%2C400&ssl=1","width":600,"height":400},{"@type":"BreadcrumbList","@id":"https:\/\/qualitlimousine.com\/fr\/produit\/city-tour-suv\/#breadcrumb","itemListElement":[{"@type":"ListItem","position":1,"name":"Home","item":"https:\/\/qualitlimousine.com\/fr\/"},{"@type":"ListItem","position":2,"name":"\u00a0Forfaits\u00a0","item":"https:\/\/qualitlimousine.com\/fr\/forfaits\/"},{"@type":"ListItem","position":3,"name":"Visite de la ville en VUS"}]},{"@type":"WebSite","@id":"https:\/\/qualitlimousine.com\/fr\/#website","url":"https:\/\/qualitlimousine.com\/fr\/","name":"Qualit Limousine","description":"Montreal Limousine Service","publisher":{"@id":"https:\/\/qualitlimousine.com\/fr\/#organization"},"potentialAction":[{"@type":"SearchAction","target":{"@type":"EntryPoint","urlTemplate":"https:\/\/qualitlimousine.com\/fr\/?s={search_term_string}"},"query-input":{"@type":"PropertyValueSpecification","valueRequired":true,"valueName":"search_term_string"}}],"inLanguage":"en-US"},{"@type":"Organization","@id":"https:\/\/qualitlimousine.com\/fr\/#organization","name":"Qualit Limousine","url":"https:\/\/qualitlimousine.com\/fr\/","logo":{"@type":"ImageObject","inLanguage":"en-US","@id":"https:\/\/qualitlimousine.com\/fr\/#\/schema\/logo\/image\/","url":"https:\/\/qualitlimousine.com\/fr\/wp-content\/uploads\/2019\/04\/1-1.jpg","contentUrl":"https:\/\/qualitlimousine.com\/fr\/wp-content\/uploads\/2019\/04\/1-1.jpg","width":61,"height":58,"caption":"Qualit Limousine"},"image":{"@id":"https:\/\/qualitlimousine.com\/fr\/#\/schema\/logo\/image\/"},"sameAs":["https:\/\/www.facebook.com\/qualit.limousine"]}]}},"_links":{"self":[{"href":"https:\/\/qualitlimousine.com\/fr\/wp-json\/wp\/v2\/product\/11795","targetHints":{"allow":["GET"]}}],"collection":[{"href":"https:\/\/qualitlimousine.com\/fr\/wp-json\/wp\/v2\/product"}],"about":[{"href":"https:\/\/qualitlimousine.com\/fr\/wp-json\/wp\/v2\/types\/product"}],"wp:featuredmedia":[{"embeddable":true,"href":"https:\/\/qualitlimousine.com\/fr\/wp-json\/wp\/v2\/media\/11809"}],"wp:attachment":[{"href":"https:\/\/qualitlimousine.com\/fr\/wp-json\/wp\/v2\/media?parent=11795"}],"wp:term":[{"taxonomy":"product_brand","embeddable":true,"href":"https:\/\/qualitlimousine.com\/fr\/wp-json\/wp\/v2\/product_brand?post=11795"},{"taxonomy":"product_cat","embeddable":true,"href":"https:\/\/qualitlimousine.com\/fr\/wp-json\/wp\/v2\/product_cat?post=11795"},{"taxonomy":"product_tag","embeddable":true,"href":"https:\/\/qualitlimousine.com\/fr\/wp-json\/wp\/v2\/product_tag?post=11795"}],"curies":[{"name":"wp","href":"https:\/\/api.w.org\/{rel}","templated":true}]}}