{"id":11786,"date":"2023-10-15T12:50:33","date_gmt":"2023-10-15T12:50:33","guid":{"rendered":"https:\/\/qualitlimousine.com\/fr\/?post_type=product&#038;p=11786"},"modified":"2025-02-18T18:03:38","modified_gmt":"2025-02-18T23:03:38","slug":"prom-graduation","status":"publish","type":"product","link":"https:\/\/qualitlimousine.com\/fr\/produit\/prom-graduation\/","title":{"rendered":"<strong>Bal de Finissants et Dipl\u00f4me<\/strong>"},"content":{"rendered":"<p>Tous nos forfaits de VUS NOIR\u00a0 pour le bal des finissants et le dipl\u00f4me incluent les \u00e9l\u00e9ments suivants :<\/p>\n<ul>\n<li>SUV Noir = jusqu\u2019\u00e0 6 Passagers<\/li>\n<li>Num\u00e9ro personnel du conducteur pour les parents<\/li>\n<li>Eau<\/li>\n<\/ul>\n<p>Un de nos repr\u00e9sentants vous contactera pour revoir les d\u00e9tails apr\u00e8s l&#8217;achat.\u00a0 Des frais suppl\u00e9mentaires peuvent s&#8217;appliquer lors de la validation de la commande. Vous pouvez toujours nous appeler au <a href=\"tel:+1-450-639-6393\">1-450-639-6393<\/a> ou nous envoyer un courriel \u00e0 <a href=\"mailto:info@qualitlimousine.com\">info@qualitlimousine.com<\/a> si vous avez des questions.<\/p>\n","protected":false},"excerpt":{"rendered":"<p>Un SUV NOIR pour le bal de finissant ou la c\u00e9r\u00e9monie de dipl\u00f4me est un choix populaire pour les lyc\u00e9ens souhaitant faire une entr\u00e9e remarquable lors de leur bal ou de leur c\u00e9r\u00e9monie de remise des dipl\u00f4mes. Ces v\u00e9hicules sont souvent lou\u00e9es pour offrir un mode de transport s\u00fbr, \u00e9l\u00e9gant et m\u00e9morable pour ce moment important. Les VUS NOIRS pour le bal de finissant et la c\u00e9r\u00e9monie de dipl\u00f4me disposent de diverses caract\u00e9ristiques, y compris des designs int\u00e9rieurs \u00e9l\u00e9gants, des si\u00e8ges confortables, des syst\u00e8mes de divertissement.\u00a0 Elles peuvent accueillir des groupes d\u2019amis, rendant le trajet vers et depuis le bal ou la c\u00e9r\u00e9monie de dipl\u00f4me une exp\u00e9rience amusante et m\u00e9morable.<\/p>\n","protected":false},"featured_media":11807,"template":"","meta":{"nf_dc_page":"","om_disable_all_campaigns":false,"_themeisle_gutenberg_block_has_review":false},"product_brand":[],"product_cat":[43],"product_tag":[],"class_list":{"0":"post-11786","1":"product","2":"type-product","3":"status-publish","4":"has-post-thumbnail","6":"product_cat-evenements-speciaux","8":"first","9":"instock","10":"taxable","11":"shipping-taxable","12":"product-type-simple"},"yoast_head":"<!-- This site is optimized with the Yoast SEO plugin v27.4 - https:\/\/yoast.com\/product\/yoast-seo-wordpress\/ -->\n<title>Bal de Finissants et Dipl\u00f4me - QualiT Limousine<\/title>\n<meta name=\"robots\" content=\"noindex, follow, max-snippet:-1, max-image-preview:large, max-video-preview:-1\" \/>\n<meta property=\"og:locale\" content=\"en_US\" \/>\n<meta property=\"og:type\" content=\"article\" \/>\n<meta property=\"og:title\" content=\"Bal de Finissants et Dipl\u00f4me - QualiT Limousine\" \/>\n<meta property=\"og:description\" content=\"Un SUV NOIR pour le bal de finissant ou la c\u00e9r\u00e9monie de dipl\u00f4me est un choix populaire pour les lyc\u00e9ens souhaitant faire une entr\u00e9e remarquable lors de leur bal ou de leur c\u00e9r\u00e9monie de remise des dipl\u00f4mes. Ces v\u00e9hicules sont souvent lou\u00e9es pour offrir un mode de transport s\u00fbr, \u00e9l\u00e9gant et m\u00e9morable pour ce moment important. Les VUS NOIRS pour le bal de finissant et la c\u00e9r\u00e9monie de dipl\u00f4me disposent de diverses caract\u00e9ristiques, y compris des designs int\u00e9rieurs \u00e9l\u00e9gants, des si\u00e8ges confortables, des syst\u00e8mes de divertissement.\u00a0 Elles peuvent accueillir des groupes d\u2019amis, rendant le trajet vers et depuis le bal ou la c\u00e9r\u00e9monie de dipl\u00f4me une exp\u00e9rience amusante et m\u00e9morable.\" \/>\n<meta property=\"og:url\" content=\"https:\/\/qualitlimousine.com\/fr\/produit\/prom-graduation\/\" \/>\n<meta property=\"og:site_name\" content=\"QualiT Limousine\" \/>\n<meta property=\"article:publisher\" content=\"https:\/\/www.facebook.com\/qualit.limousine\" \/>\n<meta property=\"article:modified_time\" content=\"2025-02-18T23:03:38+00:00\" \/>\n<meta property=\"og:image\" content=\"https:\/\/qualitlimousine.com\/fr\/wp-content\/uploads\/2023\/10\/IMG-2060.jpg\" \/>\n\t<meta property=\"og:image:width\" content=\"1284\" \/>\n\t<meta property=\"og:image:height\" content=\"1049\" \/>\n\t<meta property=\"og:image:type\" content=\"image\/jpeg\" \/>\n<meta name=\"twitter:card\" content=\"summary_large_image\" \/>\n<meta name=\"twitter:label1\" content=\"Est. reading time\" \/>\n\t<meta name=\"twitter:data1\" content=\"1 minute\" \/>\n<script type=\"application\/ld+json\" class=\"yoast-schema-graph\">{\"@context\":\"https:\\\/\\\/schema.org\",\"@graph\":[{\"@type\":\"WebPage\",\"@id\":\"https:\\\/\\\/qualitlimousine.com\\\/fr\\\/produit\\\/prom-graduation\\\/\",\"url\":\"https:\\\/\\\/qualitlimousine.com\\\/fr\\\/produit\\\/prom-graduation\\\/\",\"name\":\"Bal de Finissants et Dipl\u00f4me - QualiT Limousine\",\"isPartOf\":{\"@id\":\"https:\\\/\\\/qualitlimousine.com\\\/fr\\\/#website\"},\"primaryImageOfPage\":{\"@id\":\"https:\\\/\\\/qualitlimousine.com\\\/fr\\\/produit\\\/prom-graduation\\\/#primaryimage\"},\"image\":{\"@id\":\"https:\\\/\\\/qualitlimousine.com\\\/fr\\\/produit\\\/prom-graduation\\\/#primaryimage\"},\"thumbnailUrl\":\"https:\\\/\\\/i0.wp.com\\\/qualitlimousine.com\\\/fr\\\/wp-content\\\/uploads\\\/2023\\\/10\\\/IMG-2060.jpg?fit=1284%2C1049&ssl=1\",\"datePublished\":\"2023-10-15T12:50:33+00:00\",\"dateModified\":\"2025-02-18T23:03:38+00:00\",\"breadcrumb\":{\"@id\":\"https:\\\/\\\/qualitlimousine.com\\\/fr\\\/produit\\\/prom-graduation\\\/#breadcrumb\"},\"inLanguage\":\"en-US\",\"potentialAction\":[{\"@type\":\"ReadAction\",\"target\":[\"https:\\\/\\\/qualitlimousine.com\\\/fr\\\/produit\\\/prom-graduation\\\/\"]}]},{\"@type\":\"ImageObject\",\"inLanguage\":\"en-US\",\"@id\":\"https:\\\/\\\/qualitlimousine.com\\\/fr\\\/produit\\\/prom-graduation\\\/#primaryimage\",\"url\":\"https:\\\/\\\/i0.wp.com\\\/qualitlimousine.com\\\/fr\\\/wp-content\\\/uploads\\\/2023\\\/10\\\/IMG-2060.jpg?fit=1284%2C1049&ssl=1\",\"contentUrl\":\"https:\\\/\\\/i0.wp.com\\\/qualitlimousine.com\\\/fr\\\/wp-content\\\/uploads\\\/2023\\\/10\\\/IMG-2060.jpg?fit=1284%2C1049&ssl=1\",\"width\":1284,\"height\":1049},{\"@type\":\"BreadcrumbList\",\"@id\":\"https:\\\/\\\/qualitlimousine.com\\\/fr\\\/produit\\\/prom-graduation\\\/#breadcrumb\",\"itemListElement\":[{\"@type\":\"ListItem\",\"position\":1,\"name\":\"Home\",\"item\":\"https:\\\/\\\/qualitlimousine.com\\\/fr\\\/\"},{\"@type\":\"ListItem\",\"position\":2,\"name\":\"\u00a0Forfaits\u00a0\",\"item\":\"https:\\\/\\\/qualitlimousine.com\\\/fr\\\/forfaits\\\/\"},{\"@type\":\"ListItem\",\"position\":3,\"name\":\"Bal de Finissants et Dipl\u00f4me\"}]},{\"@type\":\"WebSite\",\"@id\":\"https:\\\/\\\/qualitlimousine.com\\\/fr\\\/#website\",\"url\":\"https:\\\/\\\/qualitlimousine.com\\\/fr\\\/\",\"name\":\"Qualit Limousine\",\"description\":\"Montreal Limousine Service\",\"publisher\":{\"@id\":\"https:\\\/\\\/qualitlimousine.com\\\/fr\\\/#organization\"},\"potentialAction\":[{\"@type\":\"SearchAction\",\"target\":{\"@type\":\"EntryPoint\",\"urlTemplate\":\"https:\\\/\\\/qualitlimousine.com\\\/fr\\\/?s={search_term_string}\"},\"query-input\":{\"@type\":\"PropertyValueSpecification\",\"valueRequired\":true,\"valueName\":\"search_term_string\"}}],\"inLanguage\":\"en-US\"},{\"@type\":\"Organization\",\"@id\":\"https:\\\/\\\/qualitlimousine.com\\\/fr\\\/#organization\",\"name\":\"Qualit Limousine\",\"url\":\"https:\\\/\\\/qualitlimousine.com\\\/fr\\\/\",\"logo\":{\"@type\":\"ImageObject\",\"inLanguage\":\"en-US\",\"@id\":\"https:\\\/\\\/qualitlimousine.com\\\/fr\\\/#\\\/schema\\\/logo\\\/image\\\/\",\"url\":\"https:\\\/\\\/qualitlimousine.com\\\/fr\\\/wp-content\\\/uploads\\\/2019\\\/04\\\/1-1.jpg\",\"contentUrl\":\"https:\\\/\\\/qualitlimousine.com\\\/fr\\\/wp-content\\\/uploads\\\/2019\\\/04\\\/1-1.jpg\",\"width\":61,\"height\":58,\"caption\":\"Qualit Limousine\"},\"image\":{\"@id\":\"https:\\\/\\\/qualitlimousine.com\\\/fr\\\/#\\\/schema\\\/logo\\\/image\\\/\"},\"sameAs\":[\"https:\\\/\\\/www.facebook.com\\\/qualit.limousine\"]}]}<\/script>\n<!-- \/ Yoast SEO plugin. -->","yoast_head_json":{"title":"Bal de Finissants et Dipl\u00f4me - QualiT Limousine","robots":{"index":"noindex","follow":"follow","max-snippet":"max-snippet:-1","max-image-preview":"max-image-preview:large","max-video-preview":"max-video-preview:-1"},"og_locale":"en_US","og_type":"article","og_title":"Bal de Finissants et Dipl\u00f4me - QualiT Limousine","og_description":"Un SUV NOIR pour le bal de finissant ou la c\u00e9r\u00e9monie de dipl\u00f4me est un choix populaire pour les lyc\u00e9ens souhaitant faire une entr\u00e9e remarquable lors de leur bal ou de leur c\u00e9r\u00e9monie de remise des dipl\u00f4mes. Ces v\u00e9hicules sont souvent lou\u00e9es pour offrir un mode de transport s\u00fbr, \u00e9l\u00e9gant et m\u00e9morable pour ce moment important. Les VUS NOIRS pour le bal de finissant et la c\u00e9r\u00e9monie de dipl\u00f4me disposent de diverses caract\u00e9ristiques, y compris des designs int\u00e9rieurs \u00e9l\u00e9gants, des si\u00e8ges confortables, des syst\u00e8mes de divertissement.\u00a0 Elles peuvent accueillir des groupes d\u2019amis, rendant le trajet vers et depuis le bal ou la c\u00e9r\u00e9monie de dipl\u00f4me une exp\u00e9rience amusante et m\u00e9morable.","og_url":"https:\/\/qualitlimousine.com\/fr\/produit\/prom-graduation\/","og_site_name":"QualiT Limousine","article_publisher":"https:\/\/www.facebook.com\/qualit.limousine","article_modified_time":"2025-02-18T23:03:38+00:00","og_image":[{"width":1284,"height":1049,"url":"https:\/\/qualitlimousine.com\/fr\/wp-content\/uploads\/2023\/10\/IMG-2060.jpg","type":"image\/jpeg"}],"twitter_card":"summary_large_image","twitter_misc":{"Est. reading time":"1 minute"},"schema":{"@context":"https:\/\/schema.org","@graph":[{"@type":"WebPage","@id":"https:\/\/qualitlimousine.com\/fr\/produit\/prom-graduation\/","url":"https:\/\/qualitlimousine.com\/fr\/produit\/prom-graduation\/","name":"Bal de Finissants et Dipl\u00f4me - QualiT Limousine","isPartOf":{"@id":"https:\/\/qualitlimousine.com\/fr\/#website"},"primaryImageOfPage":{"@id":"https:\/\/qualitlimousine.com\/fr\/produit\/prom-graduation\/#primaryimage"},"image":{"@id":"https:\/\/qualitlimousine.com\/fr\/produit\/prom-graduation\/#primaryimage"},"thumbnailUrl":"https:\/\/i0.wp.com\/qualitlimousine.com\/fr\/wp-content\/uploads\/2023\/10\/IMG-2060.jpg?fit=1284%2C1049&ssl=1","datePublished":"2023-10-15T12:50:33+00:00","dateModified":"2025-02-18T23:03:38+00:00","breadcrumb":{"@id":"https:\/\/qualitlimousine.com\/fr\/produit\/prom-graduation\/#breadcrumb"},"inLanguage":"en-US","potentialAction":[{"@type":"ReadAction","target":["https:\/\/qualitlimousine.com\/fr\/produit\/prom-graduation\/"]}]},{"@type":"ImageObject","inLanguage":"en-US","@id":"https:\/\/qualitlimousine.com\/fr\/produit\/prom-graduation\/#primaryimage","url":"https:\/\/i0.wp.com\/qualitlimousine.com\/fr\/wp-content\/uploads\/2023\/10\/IMG-2060.jpg?fit=1284%2C1049&ssl=1","contentUrl":"https:\/\/i0.wp.com\/qualitlimousine.com\/fr\/wp-content\/uploads\/2023\/10\/IMG-2060.jpg?fit=1284%2C1049&ssl=1","width":1284,"height":1049},{"@type":"BreadcrumbList","@id":"https:\/\/qualitlimousine.com\/fr\/produit\/prom-graduation\/#breadcrumb","itemListElement":[{"@type":"ListItem","position":1,"name":"Home","item":"https:\/\/qualitlimousine.com\/fr\/"},{"@type":"ListItem","position":2,"name":"\u00a0Forfaits\u00a0","item":"https:\/\/qualitlimousine.com\/fr\/forfaits\/"},{"@type":"ListItem","position":3,"name":"Bal de Finissants et Dipl\u00f4me"}]},{"@type":"WebSite","@id":"https:\/\/qualitlimousine.com\/fr\/#website","url":"https:\/\/qualitlimousine.com\/fr\/","name":"Qualit Limousine","description":"Montreal Limousine Service","publisher":{"@id":"https:\/\/qualitlimousine.com\/fr\/#organization"},"potentialAction":[{"@type":"SearchAction","target":{"@type":"EntryPoint","urlTemplate":"https:\/\/qualitlimousine.com\/fr\/?s={search_term_string}"},"query-input":{"@type":"PropertyValueSpecification","valueRequired":true,"valueName":"search_term_string"}}],"inLanguage":"en-US"},{"@type":"Organization","@id":"https:\/\/qualitlimousine.com\/fr\/#organization","name":"Qualit Limousine","url":"https:\/\/qualitlimousine.com\/fr\/","logo":{"@type":"ImageObject","inLanguage":"en-US","@id":"https:\/\/qualitlimousine.com\/fr\/#\/schema\/logo\/image\/","url":"https:\/\/qualitlimousine.com\/fr\/wp-content\/uploads\/2019\/04\/1-1.jpg","contentUrl":"https:\/\/qualitlimousine.com\/fr\/wp-content\/uploads\/2019\/04\/1-1.jpg","width":61,"height":58,"caption":"Qualit Limousine"},"image":{"@id":"https:\/\/qualitlimousine.com\/fr\/#\/schema\/logo\/image\/"},"sameAs":["https:\/\/www.facebook.com\/qualit.limousine"]}]}},"_links":{"self":[{"href":"https:\/\/qualitlimousine.com\/fr\/wp-json\/wp\/v2\/product\/11786","targetHints":{"allow":["GET"]}}],"collection":[{"href":"https:\/\/qualitlimousine.com\/fr\/wp-json\/wp\/v2\/product"}],"about":[{"href":"https:\/\/qualitlimousine.com\/fr\/wp-json\/wp\/v2\/types\/product"}],"wp:featuredmedia":[{"embeddable":true,"href":"https:\/\/qualitlimousine.com\/fr\/wp-json\/wp\/v2\/media\/11807"}],"wp:attachment":[{"href":"https:\/\/qualitlimousine.com\/fr\/wp-json\/wp\/v2\/media?parent=11786"}],"wp:term":[{"taxonomy":"product_brand","embeddable":true,"href":"https:\/\/qualitlimousine.com\/fr\/wp-json\/wp\/v2\/product_brand?post=11786"},{"taxonomy":"product_cat","embeddable":true,"href":"https:\/\/qualitlimousine.com\/fr\/wp-json\/wp\/v2\/product_cat?post=11786"},{"taxonomy":"product_tag","embeddable":true,"href":"https:\/\/qualitlimousine.com\/fr\/wp-json\/wp\/v2\/product_tag?post=11786"}],"curies":[{"name":"wp","href":"https:\/\/api.w.org\/{rel}","templated":true}]}}