{"id":11776,"date":"2023-10-15T12:50:33","date_gmt":"2023-10-15T12:50:33","guid":{"rendered":"https:\/\/qualitlimousine.com\/fr\/?post_type=product&#038;p=11776"},"modified":"2025-02-18T18:15:20","modified_gmt":"2025-02-18T23:15:20","slug":"concert-music-events","status":"publish","type":"product","link":"https:\/\/qualitlimousine.com\/fr\/produit\/concert-music-events\/","title":{"rendered":"<strong>\u00c9v\u00e9nements de Concerts et de Musiques<\/strong>"},"content":{"rendered":"<p>Tous nos forfaits\u00a0 VUS NOIR\u00a0 pour \u00c9v\u00e9nements de Concerts et de Musiques incluent les \u00e9l\u00e9ments suivants :<\/p>\n<ul>\n<li>Jusqu&#8217;\u00e0 6 passagers<\/li>\n<li>Eau<\/li>\n<\/ul>\n<p>Un de nos repr\u00e9sentants vous contactera pour revoir les d\u00e9tails apr\u00e8s l&#8217;achat.\u00a0 Des frais suppl\u00e9mentaires peuvent s&#8217;appliquer lors de la validation de la commande. Vous pouvez toujours nous appeler au\u00a0 \u00a0 \u00a0 \u00a0 \u00a0 \u00a0 \u00a0 \u00a0 \u00a0 \u00a0 \u00a0 \u00a0<a href=\"tel:+1-450-639-6393\">1-450-639-6393<\/a> ou nous envoyer un courriel \u00e0 <a href=\"mailto:info@qualitlimousine.com\">info@qualitlimousine.com<\/a> si vous avez des questions.<\/p>\n","protected":false},"excerpt":{"rendered":"<p>Un VUS NOIR\u00a0 pour \u00c9v\u00e9nements de Concerts et de Musiques est un v\u00e9hicule de luxe souvent utilis\u00e9 par les amateurs de musique et les spectateurs de concerts pour am\u00e9liorer leur exp\u00e9rience. Ces V\u00e9hicules sont lou\u00e9es pour offrir un mode de transport confortable, \u00e9l\u00e9gant et pratique vers et depuis les lieux de musique. Les VUS NOIR\u00a0 pour \u00c9v\u00e9nements de Concerts et de Musiques sont g\u00e9n\u00e9ralement \u00e9quip\u00e9es de commodit\u00e9s telles que des syst\u00e8mes de divertissement et des si\u00e8ges confortables. Elles sont con\u00e7ues pour ajouter une touche de glamour \u00e0 l&#8217;exp\u00e9rience du concert, en faisant une sortie m\u00e9morable et agr\u00e9able.<\/p>\n","protected":false},"featured_media":11805,"template":"","meta":{"nf_dc_page":"","om_disable_all_campaigns":false,"_themeisle_gutenberg_block_has_review":false},"product_brand":[],"product_cat":[43],"product_tag":[],"class_list":{"0":"post-11776","1":"product","2":"type-product","3":"status-publish","4":"has-post-thumbnail","6":"product_cat-evenements-speciaux","8":"first","9":"instock","10":"taxable","11":"shipping-taxable","12":"product-type-simple"},"yoast_head":"<!-- This site is optimized with the Yoast SEO plugin v27.4 - https:\/\/yoast.com\/product\/yoast-seo-wordpress\/ -->\n<title>\u00c9v\u00e9nements de Concerts et de Musiques - QualiT Limousine<\/title>\n<meta name=\"robots\" content=\"noindex, follow, max-snippet:-1, max-image-preview:large, max-video-preview:-1\" \/>\n<meta property=\"og:locale\" content=\"en_US\" \/>\n<meta property=\"og:type\" content=\"article\" \/>\n<meta property=\"og:title\" content=\"\u00c9v\u00e9nements de Concerts et de Musiques - QualiT Limousine\" \/>\n<meta property=\"og:description\" content=\"Un VUS NOIR\u00a0 pour \u00c9v\u00e9nements de Concerts et de Musiques est un v\u00e9hicule de luxe souvent utilis\u00e9 par les amateurs de musique et les spectateurs de concerts pour am\u00e9liorer leur exp\u00e9rience. Ces V\u00e9hicules sont lou\u00e9es pour offrir un mode de transport confortable, \u00e9l\u00e9gant et pratique vers et depuis les lieux de musique. Les VUS NOIR\u00a0 pour \u00c9v\u00e9nements de Concerts et de Musiques sont g\u00e9n\u00e9ralement \u00e9quip\u00e9es de commodit\u00e9s telles que des syst\u00e8mes de divertissement et des si\u00e8ges confortables. Elles sont con\u00e7ues pour ajouter une touche de glamour \u00e0 l&#039;exp\u00e9rience du concert, en faisant une sortie m\u00e9morable et agr\u00e9able.\" \/>\n<meta property=\"og:url\" content=\"https:\/\/qualitlimousine.com\/fr\/produit\/concert-music-events\/\" \/>\n<meta property=\"og:site_name\" content=\"QualiT Limousine\" \/>\n<meta property=\"article:publisher\" content=\"https:\/\/www.facebook.com\/qualit.limousine\" \/>\n<meta property=\"article:modified_time\" content=\"2025-02-18T23:15:20+00:00\" \/>\n<meta property=\"og:image\" content=\"https:\/\/qualitlimousine.com\/fr\/wp-content\/uploads\/2023\/10\/Concert-Limousine-Service.jpg\" \/>\n\t<meta property=\"og:image:width\" content=\"1328\" \/>\n\t<meta property=\"og:image:height\" content=\"1328\" \/>\n\t<meta property=\"og:image:type\" content=\"image\/jpeg\" \/>\n<meta name=\"twitter:card\" content=\"summary_large_image\" \/>\n<meta name=\"twitter:label1\" content=\"Est. reading time\" \/>\n\t<meta name=\"twitter:data1\" content=\"1 minute\" \/>\n<script type=\"application\/ld+json\" class=\"yoast-schema-graph\">{\"@context\":\"https:\\\/\\\/schema.org\",\"@graph\":[{\"@type\":\"WebPage\",\"@id\":\"https:\\\/\\\/qualitlimousine.com\\\/fr\\\/produit\\\/concert-music-events\\\/\",\"url\":\"https:\\\/\\\/qualitlimousine.com\\\/fr\\\/produit\\\/concert-music-events\\\/\",\"name\":\"\u00c9v\u00e9nements de Concerts et de Musiques - QualiT Limousine\",\"isPartOf\":{\"@id\":\"https:\\\/\\\/qualitlimousine.com\\\/fr\\\/#website\"},\"primaryImageOfPage\":{\"@id\":\"https:\\\/\\\/qualitlimousine.com\\\/fr\\\/produit\\\/concert-music-events\\\/#primaryimage\"},\"image\":{\"@id\":\"https:\\\/\\\/qualitlimousine.com\\\/fr\\\/produit\\\/concert-music-events\\\/#primaryimage\"},\"thumbnailUrl\":\"https:\\\/\\\/i0.wp.com\\\/qualitlimousine.com\\\/fr\\\/wp-content\\\/uploads\\\/2023\\\/10\\\/Concert-Limousine-Service.jpg?fit=1328%2C1328&ssl=1\",\"datePublished\":\"2023-10-15T12:50:33+00:00\",\"dateModified\":\"2025-02-18T23:15:20+00:00\",\"breadcrumb\":{\"@id\":\"https:\\\/\\\/qualitlimousine.com\\\/fr\\\/produit\\\/concert-music-events\\\/#breadcrumb\"},\"inLanguage\":\"en-US\",\"potentialAction\":[{\"@type\":\"ReadAction\",\"target\":[\"https:\\\/\\\/qualitlimousine.com\\\/fr\\\/produit\\\/concert-music-events\\\/\"]}]},{\"@type\":\"ImageObject\",\"inLanguage\":\"en-US\",\"@id\":\"https:\\\/\\\/qualitlimousine.com\\\/fr\\\/produit\\\/concert-music-events\\\/#primaryimage\",\"url\":\"https:\\\/\\\/i0.wp.com\\\/qualitlimousine.com\\\/fr\\\/wp-content\\\/uploads\\\/2023\\\/10\\\/Concert-Limousine-Service.jpg?fit=1328%2C1328&ssl=1\",\"contentUrl\":\"https:\\\/\\\/i0.wp.com\\\/qualitlimousine.com\\\/fr\\\/wp-content\\\/uploads\\\/2023\\\/10\\\/Concert-Limousine-Service.jpg?fit=1328%2C1328&ssl=1\",\"width\":1328,\"height\":1328},{\"@type\":\"BreadcrumbList\",\"@id\":\"https:\\\/\\\/qualitlimousine.com\\\/fr\\\/produit\\\/concert-music-events\\\/#breadcrumb\",\"itemListElement\":[{\"@type\":\"ListItem\",\"position\":1,\"name\":\"Home\",\"item\":\"https:\\\/\\\/qualitlimousine.com\\\/fr\\\/\"},{\"@type\":\"ListItem\",\"position\":2,\"name\":\"\u00a0Forfaits\u00a0\",\"item\":\"https:\\\/\\\/qualitlimousine.com\\\/fr\\\/forfaits\\\/\"},{\"@type\":\"ListItem\",\"position\":3,\"name\":\"\u00c9v\u00e9nements de Concerts et de Musiques\"}]},{\"@type\":\"WebSite\",\"@id\":\"https:\\\/\\\/qualitlimousine.com\\\/fr\\\/#website\",\"url\":\"https:\\\/\\\/qualitlimousine.com\\\/fr\\\/\",\"name\":\"Qualit Limousine\",\"description\":\"Montreal Limousine Service\",\"publisher\":{\"@id\":\"https:\\\/\\\/qualitlimousine.com\\\/fr\\\/#organization\"},\"potentialAction\":[{\"@type\":\"SearchAction\",\"target\":{\"@type\":\"EntryPoint\",\"urlTemplate\":\"https:\\\/\\\/qualitlimousine.com\\\/fr\\\/?s={search_term_string}\"},\"query-input\":{\"@type\":\"PropertyValueSpecification\",\"valueRequired\":true,\"valueName\":\"search_term_string\"}}],\"inLanguage\":\"en-US\"},{\"@type\":\"Organization\",\"@id\":\"https:\\\/\\\/qualitlimousine.com\\\/fr\\\/#organization\",\"name\":\"Qualit Limousine\",\"url\":\"https:\\\/\\\/qualitlimousine.com\\\/fr\\\/\",\"logo\":{\"@type\":\"ImageObject\",\"inLanguage\":\"en-US\",\"@id\":\"https:\\\/\\\/qualitlimousine.com\\\/fr\\\/#\\\/schema\\\/logo\\\/image\\\/\",\"url\":\"https:\\\/\\\/qualitlimousine.com\\\/fr\\\/wp-content\\\/uploads\\\/2019\\\/04\\\/1-1.jpg\",\"contentUrl\":\"https:\\\/\\\/qualitlimousine.com\\\/fr\\\/wp-content\\\/uploads\\\/2019\\\/04\\\/1-1.jpg\",\"width\":61,\"height\":58,\"caption\":\"Qualit Limousine\"},\"image\":{\"@id\":\"https:\\\/\\\/qualitlimousine.com\\\/fr\\\/#\\\/schema\\\/logo\\\/image\\\/\"},\"sameAs\":[\"https:\\\/\\\/www.facebook.com\\\/qualit.limousine\"]}]}<\/script>\n<!-- \/ Yoast SEO plugin. -->","yoast_head_json":{"title":"\u00c9v\u00e9nements de Concerts et de Musiques - QualiT Limousine","robots":{"index":"noindex","follow":"follow","max-snippet":"max-snippet:-1","max-image-preview":"max-image-preview:large","max-video-preview":"max-video-preview:-1"},"og_locale":"en_US","og_type":"article","og_title":"\u00c9v\u00e9nements de Concerts et de Musiques - QualiT Limousine","og_description":"Un VUS NOIR\u00a0 pour \u00c9v\u00e9nements de Concerts et de Musiques est un v\u00e9hicule de luxe souvent utilis\u00e9 par les amateurs de musique et les spectateurs de concerts pour am\u00e9liorer leur exp\u00e9rience. Ces V\u00e9hicules sont lou\u00e9es pour offrir un mode de transport confortable, \u00e9l\u00e9gant et pratique vers et depuis les lieux de musique. Les VUS NOIR\u00a0 pour \u00c9v\u00e9nements de Concerts et de Musiques sont g\u00e9n\u00e9ralement \u00e9quip\u00e9es de commodit\u00e9s telles que des syst\u00e8mes de divertissement et des si\u00e8ges confortables. Elles sont con\u00e7ues pour ajouter une touche de glamour \u00e0 l'exp\u00e9rience du concert, en faisant une sortie m\u00e9morable et agr\u00e9able.","og_url":"https:\/\/qualitlimousine.com\/fr\/produit\/concert-music-events\/","og_site_name":"QualiT Limousine","article_publisher":"https:\/\/www.facebook.com\/qualit.limousine","article_modified_time":"2025-02-18T23:15:20+00:00","og_image":[{"width":1328,"height":1328,"url":"https:\/\/qualitlimousine.com\/fr\/wp-content\/uploads\/2023\/10\/Concert-Limousine-Service.jpg","type":"image\/jpeg"}],"twitter_card":"summary_large_image","twitter_misc":{"Est. reading time":"1 minute"},"schema":{"@context":"https:\/\/schema.org","@graph":[{"@type":"WebPage","@id":"https:\/\/qualitlimousine.com\/fr\/produit\/concert-music-events\/","url":"https:\/\/qualitlimousine.com\/fr\/produit\/concert-music-events\/","name":"\u00c9v\u00e9nements de Concerts et de Musiques - QualiT Limousine","isPartOf":{"@id":"https:\/\/qualitlimousine.com\/fr\/#website"},"primaryImageOfPage":{"@id":"https:\/\/qualitlimousine.com\/fr\/produit\/concert-music-events\/#primaryimage"},"image":{"@id":"https:\/\/qualitlimousine.com\/fr\/produit\/concert-music-events\/#primaryimage"},"thumbnailUrl":"https:\/\/i0.wp.com\/qualitlimousine.com\/fr\/wp-content\/uploads\/2023\/10\/Concert-Limousine-Service.jpg?fit=1328%2C1328&ssl=1","datePublished":"2023-10-15T12:50:33+00:00","dateModified":"2025-02-18T23:15:20+00:00","breadcrumb":{"@id":"https:\/\/qualitlimousine.com\/fr\/produit\/concert-music-events\/#breadcrumb"},"inLanguage":"en-US","potentialAction":[{"@type":"ReadAction","target":["https:\/\/qualitlimousine.com\/fr\/produit\/concert-music-events\/"]}]},{"@type":"ImageObject","inLanguage":"en-US","@id":"https:\/\/qualitlimousine.com\/fr\/produit\/concert-music-events\/#primaryimage","url":"https:\/\/i0.wp.com\/qualitlimousine.com\/fr\/wp-content\/uploads\/2023\/10\/Concert-Limousine-Service.jpg?fit=1328%2C1328&ssl=1","contentUrl":"https:\/\/i0.wp.com\/qualitlimousine.com\/fr\/wp-content\/uploads\/2023\/10\/Concert-Limousine-Service.jpg?fit=1328%2C1328&ssl=1","width":1328,"height":1328},{"@type":"BreadcrumbList","@id":"https:\/\/qualitlimousine.com\/fr\/produit\/concert-music-events\/#breadcrumb","itemListElement":[{"@type":"ListItem","position":1,"name":"Home","item":"https:\/\/qualitlimousine.com\/fr\/"},{"@type":"ListItem","position":2,"name":"\u00a0Forfaits\u00a0","item":"https:\/\/qualitlimousine.com\/fr\/forfaits\/"},{"@type":"ListItem","position":3,"name":"\u00c9v\u00e9nements de Concerts et de Musiques"}]},{"@type":"WebSite","@id":"https:\/\/qualitlimousine.com\/fr\/#website","url":"https:\/\/qualitlimousine.com\/fr\/","name":"Qualit Limousine","description":"Montreal Limousine Service","publisher":{"@id":"https:\/\/qualitlimousine.com\/fr\/#organization"},"potentialAction":[{"@type":"SearchAction","target":{"@type":"EntryPoint","urlTemplate":"https:\/\/qualitlimousine.com\/fr\/?s={search_term_string}"},"query-input":{"@type":"PropertyValueSpecification","valueRequired":true,"valueName":"search_term_string"}}],"inLanguage":"en-US"},{"@type":"Organization","@id":"https:\/\/qualitlimousine.com\/fr\/#organization","name":"Qualit Limousine","url":"https:\/\/qualitlimousine.com\/fr\/","logo":{"@type":"ImageObject","inLanguage":"en-US","@id":"https:\/\/qualitlimousine.com\/fr\/#\/schema\/logo\/image\/","url":"https:\/\/qualitlimousine.com\/fr\/wp-content\/uploads\/2019\/04\/1-1.jpg","contentUrl":"https:\/\/qualitlimousine.com\/fr\/wp-content\/uploads\/2019\/04\/1-1.jpg","width":61,"height":58,"caption":"Qualit Limousine"},"image":{"@id":"https:\/\/qualitlimousine.com\/fr\/#\/schema\/logo\/image\/"},"sameAs":["https:\/\/www.facebook.com\/qualit.limousine"]}]}},"_links":{"self":[{"href":"https:\/\/qualitlimousine.com\/fr\/wp-json\/wp\/v2\/product\/11776","targetHints":{"allow":["GET"]}}],"collection":[{"href":"https:\/\/qualitlimousine.com\/fr\/wp-json\/wp\/v2\/product"}],"about":[{"href":"https:\/\/qualitlimousine.com\/fr\/wp-json\/wp\/v2\/types\/product"}],"wp:featuredmedia":[{"embeddable":true,"href":"https:\/\/qualitlimousine.com\/fr\/wp-json\/wp\/v2\/media\/11805"}],"wp:attachment":[{"href":"https:\/\/qualitlimousine.com\/fr\/wp-json\/wp\/v2\/media?parent=11776"}],"wp:term":[{"taxonomy":"product_brand","embeddable":true,"href":"https:\/\/qualitlimousine.com\/fr\/wp-json\/wp\/v2\/product_brand?post=11776"},{"taxonomy":"product_cat","embeddable":true,"href":"https:\/\/qualitlimousine.com\/fr\/wp-json\/wp\/v2\/product_cat?post=11776"},{"taxonomy":"product_tag","embeddable":true,"href":"https:\/\/qualitlimousine.com\/fr\/wp-json\/wp\/v2\/product_tag?post=11776"}],"curies":[{"name":"wp","href":"https:\/\/api.w.org\/{rel}","templated":true}]}}