{"id":33,"date":"2019-04-05T09:29:51","date_gmt":"2019-04-05T09:29:51","guid":{"rendered":"http:\/\/quanticalabs.com\/wp_themes4\/autoride\/?page_id=33"},"modified":"2025-03-10T23:09:23","modified_gmt":"2025-03-11T03:09:23","slug":"faq","status":"publish","type":"page","link":"https:\/\/qualitlimousine.com\/fr\/faq\/","title":{"rendered":"FAQ"},"content":{"rendered":"\n<p class=\"\"><strong>Quels Types De V\u00e9hicules Sont Disponibles Dans Votre Flotte De Limousines \u00c0 Montr\u00e9al?<\/strong><br>Nous offrons une flotte diversifi\u00e9e de v\u00e9hicules de luxe, des berlines, des VUS et des vans de luxe. Que vous ayez besoin d&#8217;un v\u00e9hicule \u00e9l\u00e9gant pour un \u00e9v\u00e9nement d&#8217;entreprise, un transfert \u00e0 l&#8217;a\u00e9roport ou une soir\u00e9e \u00e0 Montr\u00e9al, nous avons le v\u00e9hicule parfait pour vos besoins.<\/p>\n\n\n\n<p class=\"\"><strong>Offrez-Vous Un Service De Limousine Pour L&#8217;A\u00e9roport De Montr\u00e9al-Trudeau (YUL)?<\/strong><br>Nous fournissons des services de limousine de premi\u00e8re qualit\u00e9 vers et depuis l&#8217;a\u00e9roport international de Montr\u00e9al-Trudeau. Nos chauffeurs suivent votre vol en temps r\u00e9el, garantissant une prise en charge ponctuelle et offrant un trajet confortable et sans stress jusqu&#8217;\u00e0 votre destination.<\/p>\n\n\n\n<p class=\"\"><strong>Quels Sont Vos Horaires D&#8217;Ouverture?<\/strong><br>Notre service sur la route et notre service \u00e0 la client\u00e8le sont disponibles 24\/7. Nous sommes l\u00e0 pour vous servir \u00e0 tout moment du jour et de la nuit.<\/p>\n\n\n\n<p class=\"\"><strong>Acceptez-Vous Les Cartes De Cr\u00e9dit?<\/strong><br>Nous acceptons les cartes de cr\u00e9dit, Visa, MasterCard et American Express (AMEX).<\/p>\n\n\n\n<p class=\"\"><strong>Y A-T-Il Des Frais Suppl\u00e9mentaires Pour Les Trajets Nocturnes?<\/strong><br>Par la loi, des frais suppl\u00e9mentaires peuvent s&#8217;appliquer pour les appels entre 22h00 et 6h00.<\/p>\n\n\n\n<p class=\"\"><strong>Vos V\u00e9hicules Ont-Ils Acc\u00e8s Au Wi-Fi?<\/strong><br>Nos v\u00e9hicules sont \u00e9quip\u00e9s de Wi-Fi, disponible sur demande.<\/p>\n\n\n\n<p class=\"\"><strong>Quelles Langues Parlent Les Chauffeurs?<\/strong><br>Nos chauffeurs parlent fran\u00e7ais, anglais, espagnol, arabe, grec, italien, portugais et arm\u00e9nien. Si vous avez besoin d&#8217;une langue sp\u00e9cifique, veuillez nous en informer lors de la r\u00e9servation.<\/p>\n\n\n\n<p class=\"\"><strong>Fournissez-Vous Un Si\u00e8ge Pour Enfant?<\/strong><br>Nous avons des si\u00e8ges pour b\u00e9b\u00e9s, des si\u00e8ges pour enfants et des rehausseurs sur demande. Veuillez sp\u00e9cifier l&#8217;\u00e2ge de votre enfant (0-6 ans) lors de la r\u00e9servation.  Des frais suppl\u00e9mentaires seront appliqu\u00e9s.<\/p>\n\n\n\n<p class=\"\"><strong>Est-Il Autoris\u00e9 De Fumer Dans Vos V\u00e9hicules?<\/strong><br>Fumer est strictement interdit dans nos v\u00e9hicules par la loi.<\/p>\n\n\n\n<p class=\"\"><strong>Avez-Vous Des Chargeurs De T\u00e9l\u00e9phone Dans Vos V\u00e9hicules?<\/strong><br>Nos v\u00e9hicules sont \u00e9quip\u00e9s de chargeurs de t\u00e9l\u00e9phone pour votre confort.<\/p>\n\n\n\n<p class=\"\"><strong>Fournissez-Vous Des Bouteilles D&#8217;Eau Dans Les V\u00e9hicules?<\/strong><br>Des bouteilles d\u2019eau sont toujours disponible dans nos v\u00e9hicules.<\/p>\n\n\n\n<p class=\"\"><strong>Avez-Vous Une Assurance?<\/strong><br>Tous nos v\u00e9hicules sont enti\u00e8rement assur\u00e9s pour garantir votre s\u00e9curit\u00e9 et votre tranquillit\u00e9 d&#8217;esprit.<\/p>\n\n\n\n<p class=\"\"><strong>Quels Sont Les Avantages D&#8217;Utiliser Un Service De Limousine \u00c0 Montr\u00e9al Pour Les \u00c9v\u00e9nements D&#8217;Entreprise?<\/strong><br>Utiliser notre service de limousine pour les entreprises garantit ponctualit\u00e9, professionnalisme et transport de luxe pour vous et vos clients. Que ce soit pour des r\u00e9unions d&#8217;affaires, des conf\u00e9rences ou des transferts \u00e0 l&#8217;a\u00e9roport, nos services de limousine corporatifs \u00e0 Montr\u00e9al offrent confort, discr\u00e9tion et une impression prestigieuse.<\/p>\n\n\n\n<p class=\"\"><strong>Combien De Temps \u00c0 L&#8217;Avance Dois-Je R\u00e9server Une Limousine Pour Des \u00c9v\u00e9nements Sp\u00e9ciaux  Ou Les Bals de Finissant \u00c0 Montr\u00e9al?<\/strong><br>Nous recommandons de r\u00e9server au moins 6 mois \u00e0 l&#8217;avance pour des \u00e9v\u00e9nements populaires tels que les mariages, les promos et le Grand Prix (Formule 1) . Cela garantit la disponibilit\u00e9 et vous donne l&#8217;esprit tranquille que vos besoins en transport de luxe sont couverts.<\/p>\n\n\n\n<p class=\"\"><strong>Quels Sont Les Zones Que Vous Desservez Autour De Montr\u00e9al?<\/strong><br>En plus de Montr\u00e9al, nous desservons \u00e9galement les zones environnantes telles que Laval, Longueuil, l&#8217;Ouest-de-l&#8217;\u00eele, la Rive-Sud, la Rive-Nord, Les Laurentides et d&#8217;autres banlieues voisines. Si vous avez besoin de transport en dehors de ces zones, n&#8217;h\u00e9sitez pas \u00e0 nous contacter au <a href=\"\">1-450-639-6393<\/a> ou par courriel \u00e0 <a href=\"mailto:info@qualitlimousine.com\">info@qualitlimousine.com<\/a> our plus d&#8217;informations.<\/p>\n\n\n\n<p class=\"\"><strong>Y A-T-Il Un Temps De Location Minimum Pour Vos Services De Limousine \u00c0 Montr\u00e9al?<\/strong><br>Le temps de location minimum pour les sous-instructions est de 2 heures.  Veuillez nous contacter au <a href=\"\">1-450-639-6393<\/a> ou par courrier \u00e0 <a href=\"mailto:info@qualitlimousine.com\">info@qualitlimousine.com<\/a> pour des d\u00e9tails sp\u00e9cifiques sur la dur\u00e9e de location et les tarifs.<\/p>\n\n\n\n<p class=\"\"><strong>Quelles Mesures De S\u00e9curit\u00e9 Avez-Vous En Place Pour Vos Services De Limousine?<\/strong><br>Votre s\u00e9curit\u00e9 est notre priorit\u00e9 absolue. Tous nos v\u00e9hicules sont r\u00e9guli\u00e8rement inspect\u00e9s et entretenus selon les normes les plus \u00e9lev\u00e9es. Nos chauffeurs sont form\u00e9s professionnellement, enti\u00e8rement licenci\u00e9s et suivent tous les protocoles de s\u00e9curit\u00e9, garantissant un voyage s\u00fbr et s\u00e9curis\u00e9.<\/p>\n\n\n\n<p class=\"\"><strong>Y A-T-Il Des Frais Cach\u00e9s Lors De La Location D&#8217;Une Limousine \u00c0 Montr\u00e9al?<\/strong><br>Nous croyons en la tarification transparente. Votre soumission inclura toutes les taxes, les pourboires et les frais applicables. Tous frais suppl\u00e9mentaires, tels que les heures suppl\u00e9mentaires ou les demandes sp\u00e9cifiques durant le trajet vous seront communiqu\u00e9s \u00e0 l&#8217;avance.<\/p>\n\n\n\n<p class=\"\"><strong>Offrez-Vous Des Services De Limousine Pour Les Festivals Et \u00c9v\u00e9nements \u00c0 Montr\u00e9al?<\/strong><br>Nous fournissons des services de limousine pour tous les festivals et \u00e9v\u00e9nements majeurs \u00e0 Montr\u00e9al, y compris le Festival de Jazz de Montr\u00e9al, le Festival Juste pour Rire, le Festival Osheaga et le Grand Prix du Canada.  Arrivez avec style et profitez d&#8217;un traitement VIP avec notre transport de luxe.<\/p>\n\n\n\n<p class=\"\"><strong>Puis-Je Modifier Ma R\u00e9servation De Limousine Apr\u00e8s Qu&#8217;elle ait \u00e9t\u00e9 Confirm\u00e9e?<\/strong><br>Nous comprenons que les plans peuvent changer. Vous pouvez modifier votre r\u00e9servation en nous contactant directement au <a href=\"\">1-450-639-6393<\/a>. Les modifications s\u2019appliquent tout d\u00e9pendant des disponibilit\u00e9 et  d&#8217;\u00e9ventuels frais peuvent s\u2019appliquer pour la logistique.<\/p>\n\n\n\n<p class=\"\"><strong>Que se passe-t-il si mon vol est retard\u00e9 pour une prise en charge a  L&#8217;a\u00e9roport ?<\/strong><br>Pas de souci ! Nous surveillons tous les vols en temps r\u00e9el et ajustons votre heure de prise en charge en cons\u00e9quence. Vous ne serez pas factur\u00e9 pour les retards hors de votre contr\u00f4le.<\/p>\n\n\n\n<p class=\"\"><strong>Que se passe t-il si je suis en  retard  ou que je ne me pr<strong>\u00e9<\/strong>sente pas pour ma prise en charge?<\/strong><br>Selon votre heure de prise en charge, des frais suppl\u00e9mentaires seront appliqu\u00e9s.  Le temps d&#8217;attente sera factur\u00e9s par tranche de 15 minutes.<\/p>\n\n\n\n<p class=\"\">      <strong>Prise en charge de l&#8217;aeroport<\/strong>:<\/p>\n\n\n\n<p class=\"\">                           <strong> Vol International:<\/strong>  Le temps d&#8217;attente commence 45 minutes a partir du moment ou l&#8217;avion est arrivee au terminal.<\/p>\n\n\n\n<p class=\"\">                                    <strong>Vol Domestique<\/strong>:  Le temps d&#8217;attente commence 30 minutes a partir du moment ou l&#8217;avion est arrivee au terminal.<\/p>\n\n\n\n<p class=\"\">      <strong>Prise en Charge de l&#8217;aeroport privee (FBO) et\/ou de tout autre lieu<\/strong>:   Le temps d&#8217;attente commence 15 minutes a partir de l&#8217;heure de la prise en charge.<\/p>\n\n\n\n<p class=\"\">      <strong>Absence du client<\/strong>:  Le montant de la course au complet sera chargee.   Aucun  remboursement.<\/p>\n\n\n\n<p class=\"\"><\/p>\n\n\n\n<p class=\"\"><\/p>\n","protected":false},"excerpt":{"rendered":"<p>Quels Types De V\u00e9hicules Sont Disponibles Dans Votre Flotte De Limousines \u00c0 Montr\u00e9al?Nous offrons une flotte diversifi\u00e9e de v\u00e9hicules de luxe, des berlines, des VUS et des vans de luxe. Que vous ayez besoin d&#8217;un v\u00e9hicule \u00e9l\u00e9gant pour un \u00e9v\u00e9nement d&#8217;entreprise, un transfert \u00e0 l&#8217;a\u00e9roport ou une soir\u00e9e \u00e0 Montr\u00e9al, nous avons le v\u00e9hicule parfait [&#8230;]<\/p>\n","protected":false},"author":3,"featured_media":0,"parent":0,"menu_order":0,"comment_status":"closed","ping_status":"closed","template":"","meta":{"nf_dc_page":"","om_disable_all_campaigns":false,"_themeisle_gutenberg_block_has_review":false,"footnotes":""},"class_list":["post-33","page","type-page","status-publish","hentry"],"yoast_head":"<!-- This site is optimized with the Yoast SEO plugin v27.4 - https:\/\/yoast.com\/product\/yoast-seo-wordpress\/ -->\n<title>FAQ | QualiT Limousine<\/title>\n<meta name=\"description\" content=\"Questions about our limo services? Find quick answers in QualiT Limousine&#039;s FAQ. Your guide to smooth bookings and seamless travel experience!\" \/>\n<meta name=\"robots\" content=\"noindex, follow, max-snippet:-1, max-image-preview:large, max-video-preview:-1\" \/>\n<meta property=\"og:locale\" content=\"en_US\" \/>\n<meta property=\"og:type\" content=\"article\" \/>\n<meta property=\"og:title\" content=\"FAQ | QualiT Limousine\" \/>\n<meta property=\"og:description\" content=\"Questions about our limo services? Find quick answers in QualiT Limousine&#039;s FAQ. Your guide to smooth bookings and seamless travel experience!\" \/>\n<meta property=\"og:url\" content=\"https:\/\/qualitlimousine.com\/fr\/faq\/\" \/>\n<meta property=\"og:site_name\" content=\"QualiT Limousine\" \/>\n<meta property=\"article:publisher\" content=\"https:\/\/www.facebook.com\/qualit.limousine\" \/>\n<meta property=\"article:modified_time\" content=\"2025-03-11T03:09:23+00:00\" \/>\n<meta name=\"twitter:card\" content=\"summary_large_image\" \/>\n<meta name=\"twitter:label1\" content=\"Est. reading time\" \/>\n\t<meta name=\"twitter:data1\" content=\"5 minutes\" \/>\n<script type=\"application\/ld+json\" class=\"yoast-schema-graph\">{\"@context\":\"https:\\\/\\\/schema.org\",\"@graph\":[{\"@type\":\"WebPage\",\"@id\":\"https:\\\/\\\/qualitlimousine.com\\\/fr\\\/faq\\\/\",\"url\":\"https:\\\/\\\/qualitlimousine.com\\\/fr\\\/faq\\\/\",\"name\":\"FAQ | QualiT Limousine\",\"isPartOf\":{\"@id\":\"https:\\\/\\\/qualitlimousine.com\\\/fr\\\/#website\"},\"datePublished\":\"2019-04-05T09:29:51+00:00\",\"dateModified\":\"2025-03-11T03:09:23+00:00\",\"description\":\"Questions about our limo services? Find quick answers in QualiT Limousine's FAQ. Your guide to smooth bookings and seamless travel experience!\",\"breadcrumb\":{\"@id\":\"https:\\\/\\\/qualitlimousine.com\\\/fr\\\/faq\\\/#breadcrumb\"},\"inLanguage\":\"en-US\",\"potentialAction\":[{\"@type\":\"ReadAction\",\"target\":[\"https:\\\/\\\/qualitlimousine.com\\\/fr\\\/faq\\\/\"]}]},{\"@type\":\"BreadcrumbList\",\"@id\":\"https:\\\/\\\/qualitlimousine.com\\\/fr\\\/faq\\\/#breadcrumb\",\"itemListElement\":[{\"@type\":\"ListItem\",\"position\":1,\"name\":\"Home\",\"item\":\"https:\\\/\\\/qualitlimousine.com\\\/fr\\\/\"},{\"@type\":\"ListItem\",\"position\":2,\"name\":\"FAQ\"}]},{\"@type\":\"WebSite\",\"@id\":\"https:\\\/\\\/qualitlimousine.com\\\/fr\\\/#website\",\"url\":\"https:\\\/\\\/qualitlimousine.com\\\/fr\\\/\",\"name\":\"Qualit Limousine\",\"description\":\"Montreal Limousine Service\",\"publisher\":{\"@id\":\"https:\\\/\\\/qualitlimousine.com\\\/fr\\\/#organization\"},\"potentialAction\":[{\"@type\":\"SearchAction\",\"target\":{\"@type\":\"EntryPoint\",\"urlTemplate\":\"https:\\\/\\\/qualitlimousine.com\\\/fr\\\/?s={search_term_string}\"},\"query-input\":{\"@type\":\"PropertyValueSpecification\",\"valueRequired\":true,\"valueName\":\"search_term_string\"}}],\"inLanguage\":\"en-US\"},{\"@type\":\"Organization\",\"@id\":\"https:\\\/\\\/qualitlimousine.com\\\/fr\\\/#organization\",\"name\":\"Qualit Limousine\",\"url\":\"https:\\\/\\\/qualitlimousine.com\\\/fr\\\/\",\"logo\":{\"@type\":\"ImageObject\",\"inLanguage\":\"en-US\",\"@id\":\"https:\\\/\\\/qualitlimousine.com\\\/fr\\\/#\\\/schema\\\/logo\\\/image\\\/\",\"url\":\"https:\\\/\\\/qualitlimousine.com\\\/fr\\\/wp-content\\\/uploads\\\/2019\\\/04\\\/1-1.jpg\",\"contentUrl\":\"https:\\\/\\\/qualitlimousine.com\\\/fr\\\/wp-content\\\/uploads\\\/2019\\\/04\\\/1-1.jpg\",\"width\":61,\"height\":58,\"caption\":\"Qualit Limousine\"},\"image\":{\"@id\":\"https:\\\/\\\/qualitlimousine.com\\\/fr\\\/#\\\/schema\\\/logo\\\/image\\\/\"},\"sameAs\":[\"https:\\\/\\\/www.facebook.com\\\/qualit.limousine\"]}]}<\/script>\n<!-- \/ Yoast SEO plugin. -->","yoast_head_json":{"title":"FAQ | QualiT Limousine","description":"Questions about our limo services? Find quick answers in QualiT Limousine's FAQ. Your guide to smooth bookings and seamless travel experience!","robots":{"index":"noindex","follow":"follow","max-snippet":"max-snippet:-1","max-image-preview":"max-image-preview:large","max-video-preview":"max-video-preview:-1"},"og_locale":"en_US","og_type":"article","og_title":"FAQ | QualiT Limousine","og_description":"Questions about our limo services? Find quick answers in QualiT Limousine's FAQ. Your guide to smooth bookings and seamless travel experience!","og_url":"https:\/\/qualitlimousine.com\/fr\/faq\/","og_site_name":"QualiT Limousine","article_publisher":"https:\/\/www.facebook.com\/qualit.limousine","article_modified_time":"2025-03-11T03:09:23+00:00","twitter_card":"summary_large_image","twitter_misc":{"Est. reading time":"5 minutes"},"schema":{"@context":"https:\/\/schema.org","@graph":[{"@type":"WebPage","@id":"https:\/\/qualitlimousine.com\/fr\/faq\/","url":"https:\/\/qualitlimousine.com\/fr\/faq\/","name":"FAQ | QualiT Limousine","isPartOf":{"@id":"https:\/\/qualitlimousine.com\/fr\/#website"},"datePublished":"2019-04-05T09:29:51+00:00","dateModified":"2025-03-11T03:09:23+00:00","description":"Questions about our limo services? Find quick answers in QualiT Limousine's FAQ. Your guide to smooth bookings and seamless travel experience!","breadcrumb":{"@id":"https:\/\/qualitlimousine.com\/fr\/faq\/#breadcrumb"},"inLanguage":"en-US","potentialAction":[{"@type":"ReadAction","target":["https:\/\/qualitlimousine.com\/fr\/faq\/"]}]},{"@type":"BreadcrumbList","@id":"https:\/\/qualitlimousine.com\/fr\/faq\/#breadcrumb","itemListElement":[{"@type":"ListItem","position":1,"name":"Home","item":"https:\/\/qualitlimousine.com\/fr\/"},{"@type":"ListItem","position":2,"name":"FAQ"}]},{"@type":"WebSite","@id":"https:\/\/qualitlimousine.com\/fr\/#website","url":"https:\/\/qualitlimousine.com\/fr\/","name":"Qualit Limousine","description":"Montreal Limousine Service","publisher":{"@id":"https:\/\/qualitlimousine.com\/fr\/#organization"},"potentialAction":[{"@type":"SearchAction","target":{"@type":"EntryPoint","urlTemplate":"https:\/\/qualitlimousine.com\/fr\/?s={search_term_string}"},"query-input":{"@type":"PropertyValueSpecification","valueRequired":true,"valueName":"search_term_string"}}],"inLanguage":"en-US"},{"@type":"Organization","@id":"https:\/\/qualitlimousine.com\/fr\/#organization","name":"Qualit Limousine","url":"https:\/\/qualitlimousine.com\/fr\/","logo":{"@type":"ImageObject","inLanguage":"en-US","@id":"https:\/\/qualitlimousine.com\/fr\/#\/schema\/logo\/image\/","url":"https:\/\/qualitlimousine.com\/fr\/wp-content\/uploads\/2019\/04\/1-1.jpg","contentUrl":"https:\/\/qualitlimousine.com\/fr\/wp-content\/uploads\/2019\/04\/1-1.jpg","width":61,"height":58,"caption":"Qualit Limousine"},"image":{"@id":"https:\/\/qualitlimousine.com\/fr\/#\/schema\/logo\/image\/"},"sameAs":["https:\/\/www.facebook.com\/qualit.limousine"]}]}},"_links":{"self":[{"href":"https:\/\/qualitlimousine.com\/fr\/wp-json\/wp\/v2\/pages\/33","targetHints":{"allow":["GET"]}}],"collection":[{"href":"https:\/\/qualitlimousine.com\/fr\/wp-json\/wp\/v2\/pages"}],"about":[{"href":"https:\/\/qualitlimousine.com\/fr\/wp-json\/wp\/v2\/types\/page"}],"author":[{"embeddable":true,"href":"https:\/\/qualitlimousine.com\/fr\/wp-json\/wp\/v2\/users\/3"}],"replies":[{"embeddable":true,"href":"https:\/\/qualitlimousine.com\/fr\/wp-json\/wp\/v2\/comments?post=33"}],"version-history":[{"count":4,"href":"https:\/\/qualitlimousine.com\/fr\/wp-json\/wp\/v2\/pages\/33\/revisions"}],"predecessor-version":[{"id":13221,"href":"https:\/\/qualitlimousine.com\/fr\/wp-json\/wp\/v2\/pages\/33\/revisions\/13221"}],"wp:attachment":[{"href":"https:\/\/qualitlimousine.com\/fr\/wp-json\/wp\/v2\/media?parent=33"}],"curies":[{"name":"wp","href":"https:\/\/api.w.org\/{rel}","templated":true}]}}