{"id":11669,"date":"2023-10-17T09:23:56","date_gmt":"2023-10-17T13:23:56","guid":{"rendered":"http:\/\/quanticalabs.com\/wp_themes4\/autoride\/?page_id=15"},"modified":"2025-02-18T18:40:50","modified_gmt":"2025-02-18T23:40:50","slug":"a-propos-de-nous","status":"publish","type":"page","link":"https:\/\/qualitlimousine.com\/fr\/a-propos-de-nous\/","title":{"rendered":"\u00c0 Propos de Nous"},"content":{"rendered":"<section class=\"wpb-content-wrapper\"><p>[vc_row][vc_column width=&#8221;1\/2&#8243;][vc_custom_heading text=&#8221;POURQUOI NOUS CHOISIR ?&#8221; use_theme_fonts=&#8221;yes&#8221;]<div class=\"theme-component-list theme-component-list-style-2 theme-margin-top-40\">\n<ul>\n<li>R\u00e9servation garantie.<\/li>\n<li>Service disponible 24\/7.<\/li>\n<li>Service \u00e0 la client\u00e8le 24\/7.<\/li>\n<li>Service en route 24\/7.<\/li>\n<li>Accueil personnalis\u00e9 \u00e0 l&#8217;a\u00e9roport Trudeau et aux FBO priv\u00e9s.<\/li>\n<li>La ponctualit\u00e9 et la s\u00e9curit\u00e9 sont tr\u00e8s importantes pour nous.<\/li>\n<li>Chauffeurs hautement form\u00e9s et certifi\u00e9s.<\/li>\n<li>Flotte de luxe propre et bien entretenue.<\/li>\n<li>Nos chauffeurs priv\u00e9s sont des experts en longues distances.<\/li>\n<li>Nous sommes sp\u00e9cialis\u00e9s dans le service corporatif.<\/li>\n<li>Zone que nous desservons : Beaconsfield, Boisbriand, Blainville, Bromont, Brossard, Carignan, Deux-Montagnes, Dollard-Des-Ormeaux, Esterel, Hudson, \u00cele-Perrot, Kirkland, Lachute, Laval, Longueuil, Lorraine, Magog, Mascouche, Mercier, Mirabel, Montr\u00e9al, Mont-Tremblant, Oka, Pierrefonds, Pointe-Claire, Repentigny, Rosem\u00e8re, Saint-Bruno-de-Montarville, Saint-Donat, Saint-Eustache, Saint-Hippolyte, Saint-Hubert, Saint-Jean-sur-le-Richelieu, Saint-J\u00e9r\u00f4me, Saint-Joseph-du-Lac, Saint-Lazare, Saint-Sauveur, Sainte-Ad\u00e8le, Sainte-Agathe-des-Monts, Sainte-Catherine, Sainte-Marthe-sur-le-Lac, Sherbrooke, Terrebonne, Vaudreuil, Westmount et bien d&#8217;autres zones dans les Laurentides, la Rive-Nord et la Rive-Sud.<\/li>\n<\/ul>\n<\/div>[vc_column_text]La priorit\u00e9 de QualiT Limousine est leur client\u00e8le. Nous fournissons un service de limousine de qualit\u00e9 et professionnel depuis des ann\u00e9es. Votre satisfaction est notre fiert\u00e9.<\/p>\n<p>VOUS DEVEZ VOYAGER.<br \/>\nVOUS AVEZ UNE R\u00c9UNION IMPORTANTE.<br \/>\nSANS STRESS SUPPL\u00c9MENTAIRE. <strong>VOUS \u00caTES AU BON ENDROIT<\/strong>.[\/vc_column_text][\/vc_column][vc_column width=&#8221;1\/2&#8243;][vc_custom_heading text=&#8221;NOTRE ENTREPRISE&#8221; use_theme_fonts=&#8221;yes&#8221;][vc_column_text]QualiT Limousine et Service de Chauffeur Priv\u00e9 a \u00e9t\u00e9 fond\u00e9s en 2010. Avec l&#8217;exp\u00e9rience acquise au fil des ann\u00e9es, nous avons appris \u00e0 offrir un service \u00e0 la client\u00e8le de qualit\u00e9 et \u00e0 am\u00e9liorer constamment notre service pour satisfaire notre client\u00e8le.<\/p>\n<p>Grace a la qualit\u00e9, le professionnalisme et le travail acharn\u00e9 fournis par nos chauffeurs, notre service \u00e0 la client\u00e8le et nos administrateurs, notre client\u00e8le n&#8217;a pas cess\u00e9 de cro\u00eetre avec le temps.<\/p>\n<p>Que vous soyez une personnalit\u00e9 politique, un PDG, un directeur financier, un athl\u00e8te ou une c\u00e9l\u00e9brit\u00e9, si vous partez pour un voyage d&#8217;affaires ou de loisirs vers ou depuis l&#8217;a\u00e9roport Trudeau, ou depuis ou vers votre jet priv\u00e9 (FBO), des trajets longue distance vers des grandes villes, un service de transfert ou sous-instructions, nous avons acquis une excellente r\u00e9putation.<\/p>\n<p>Si vous recherchez une limousine de luxe et un service de chauffeur priv\u00e9, notre \u00e9quipe sera ravie de vous aider et de vous offrir un voyage confortable avec nous.[\/vc_column_text][\/vc_column][\/vc_row][vc_row][vc_column][\/vc_column][\/vc_row][vc_row el_class=&#8221;theme-margin-top-40&#8243;][vc_column]\n            <div class=\"theme-component-counter-box\" data-animation_duration=\"2000\">\n                [vc_row_inner el_class=&#8221;theme-column-margin-0&#8243;][vc_column_inner width=&#8221;1\/4&#8243;]\n            <div class=\"theme-component-counter-box-item\" data-value=\"15\">\n                <span class=\"theme-component-counter-box-item-circle-1\"><\/span>\n                <span class=\"theme-component-counter-box-item-circle-2\"><\/span>\n                <span class=\"theme-component-counter-box-item-value\">0<\/span>\n                <span class=\"theme-component-counter-box-item-label\">V\u00e9hicules<\/span>\n                <span class=\"theme-component-counter-box-item-tick theme-icon-meta-tick-3\"><\/span>   \n            <\/div>\n        [\/vc_column_inner][vc_column_inner width=&#8221;1\/4&#8243;]\n            <div class=\"theme-component-counter-box-item\" data-value=\"18\">\n                <span class=\"theme-component-counter-box-item-circle-1\"><\/span>\n                <span class=\"theme-component-counter-box-item-circle-2\"><\/span>\n                <span class=\"theme-component-counter-box-item-value\">0<\/span>\n                <span class=\"theme-component-counter-box-item-label\">Chauffeurs<\/span>\n                <span class=\"theme-component-counter-box-item-tick theme-icon-meta-tick-3\"><\/span>   \n            <\/div>\n        [\/vc_column_inner][vc_column_inner width=&#8221;1\/4&#8243;]\n            <div class=\"theme-component-counter-box-item\" data-value=\"75000\">\n                <span class=\"theme-component-counter-box-item-circle-1\"><\/span>\n                <span class=\"theme-component-counter-box-item-circle-2\"><\/span>\n                <span class=\"theme-component-counter-box-item-value\">0<\/span>\n                <span class=\"theme-component-counter-box-item-label\">Miles parcourus<\/span>\n                <span class=\"theme-component-counter-box-item-tick theme-icon-meta-tick-3\"><\/span>   \n            <\/div>\n        [\/vc_column_inner][vc_column_inner width=&#8221;1\/4&#8243;]\n            <div class=\"theme-component-counter-box-item\" data-value=\"1976\">\n                <span class=\"theme-component-counter-box-item-circle-1\"><\/span>\n                <span class=\"theme-component-counter-box-item-circle-2\"><\/span>\n                <span class=\"theme-component-counter-box-item-value\">0<\/span>\n                <span class=\"theme-component-counter-box-item-label\">Clients satisfaits<\/span>\n                <span class=\"theme-component-counter-box-item-tick theme-icon-meta-tick-3\"><\/span>   \n            <\/div>\n        [\/vc_column_inner][\/vc_row_inner]\n            <\/div>\n        [\/vc_column][\/vc_row][vc_row full_width=&#8221;stretch_row_content_no_spaces&#8221;][vc_column]\n            <div class=\"theme-component-process-list\">\n                [vc_row_inner equal_height=&#8221;yes&#8221;][vc_column_inner width=&#8221;1\/4&#8243;]\n            <div class=\"theme-component-process-list-item theme-component-process-list-item-even\">\n                <div>01<\/div>\n                <span class=\"theme-icon-feature-calendar\"><\/span>\n                <p>Chaque chauffeur que nous avons incarne le professionnalisme et la ponctualit\u00e9.<\/p>\n            <\/div>\n        [\/vc_column_inner][vc_column_inner width=&#8221;1\/4&#8243;]\n            <div class=\"theme-component-process-list-item theme-component-process-list-item-odd\">\n                <div>02<\/div>\n                <span class=\"theme-icon-feature-recurring-1\"><\/span>\n                <p> Nous priorisons constamment la s\u00e9curit\u00e9 en allant au-del\u00e0 des attentes.<\/p>\n            <\/div>\n        [\/vc_column_inner][vc_column_inner width=&#8221;1\/4&#8243;]\n            <div class=\"theme-component-process-list-item theme-component-process-list-item-even\">\n                <div>03<\/div>\n                <span class=\"theme-icon-feature-bag-1\"><\/span>\n                <p> Comptez sur notre expertise et notre exp\u00e9rience pour vous guider tout au long de votre voyage.<\/p>\n            <\/div>\n        [\/vc_column_inner][vc_column_inner width=&#8221;1\/4&#8243;]\n            <div class=\"theme-component-process-list-item theme-component-process-list-item-odd\">\n                <div>04<\/div>\n                <span class=\"theme-icon-feature-award\"><\/span>\n                <p> Qualit\u00e9 exceptionnelle et service client de premier ordre pour vous accompagner tout au long de vos trajets.<\/p>\n            <\/div>\n        [\/vc_column_inner][\/vc_row_inner]\n            <\/div>\n        [\/vc_column][\/vc_row][vc_row full_width=&#8221;stretch_row_content_no_spaces&#8221; css=&#8221;.vc_custom_1698509432506{margin-top: 50px !important;}&#8221; el_class=&#8221;removeopacity&#8221;][vc_column width=&#8221;1&#8243;][\/vc_column][vc_single_image image=&#8221;13092&#8243; img_size=&#8221;full&#8221; alignment=&#8221;center&#8221; onclick=&#8221;custom_link&#8221; link=&#8221;https:\/\/qualitlimousine.com\/fr\/services\/&#8221; css=&#8221;.vc_custom_1697545959139{margin-top: 30px !important;margin-left: 10px !important;}&#8221;][\/vc_row][vc_section][vc_row][vc_column][\/vc_column][\/vc_row][\/vc_section][vc_row][vc_column][vc_raw_html]JTNDY2VudGVyJTNFJTNDYSUyMGhyZWYlM0QlMjdodHRwcyUzQSUyRiUyRnd3dy5ldmVudGVjdGl2ZS5jb20lMkZzYWludC1ldXN0YWNoZS1xYyUyRnF1YWxpdC1saW1vdXNpbmUtYW5kLXByaXZhdGUtY2hhdWZmZXVyLXNlcnZpY2UtNzQ4MTYzLmh0bWwlMjclMjB0YXJnZXQlM0QlMjdfYmxhbmslMjclMjB0aXRsZSUzRCUyN1F1YWxpVCUyMExpbW91c2luZSUyMGFuZCUyMFByaXZhdGUlMjBDaGF1ZmZldXIlMjBTZXJ2aWNlJTI3JTNFJTNDaW1nJTIwc3R5bGUlM0QlMjd3aWR0aCUzQSUyMDIwMHB4JTNCJTIwaGVpZ2h0JTNBJTIwMjAwcHglM0IlMjclMjBzcmMlM0QlMjdodHRwcyUzQSUyRiUyRmV2ZW50ZWN0aXZlbWVkaWEuYmxvYi5jb3JlLndpbmRvd3MubmV0JTJGbWFya2V0aW5nJTJGTWVkaWFLaXQlMkZGZWF0dXJlZF9Mb2dvX0VWLnBuZyUyNyUyMGFsdCUzRCUyN1F1YWxpVCUyMExpbW91c2luZSUyMGFuZCUyMFByaXZhdGUlMjBDaGF1ZmZldXIlMjBTZXJ2aWNlJTI3JTIwYm9yZGVyJTNEJTI3MCUyNyUyRiUzRSUzQyUyRmElM0UlM0MlMkZjZW50ZXIlM0U=[\/vc_raw_html][\/vc_column][\/vc_row]<\/p>\n<\/section>","protected":false},"excerpt":{"rendered":"<p>[vc_row][vc_column width=&#8221;1\/2&#8243;][vc_custom_heading text=&#8221;POURQUOI NOUS CHOISIR ?&#8221; use_theme_fonts=&#8221;yes&#8221;][vc_column_text]La priorit\u00e9 de QualiT Limousine est leur client\u00e8le. Nous fournissons un service de limousine de qualit\u00e9 et professionnel depuis des ann\u00e9es. Votre satisfaction est notre fiert\u00e9. VOUS DEVEZ VOYAGER. VOUS AVEZ UNE R\u00c9UNION IMPORTANTE. SANS STRESS SUPPL\u00c9MENTAIRE. VOUS \u00caTES AU BON ENDROIT.[\/vc_column_text][\/vc_column][vc_column width=&#8221;1\/2&#8243;][vc_custom_heading text=&#8221;NOTRE ENTREPRISE&#8221; use_theme_fonts=&#8221;yes&#8221;][vc_column_text]QualiT Limousine et Service [&#8230;]<\/p>\n","protected":false},"author":3,"featured_media":0,"parent":0,"menu_order":0,"comment_status":"closed","ping_status":"closed","template":"","meta":{"nf_dc_page":"","om_disable_all_campaigns":false,"_themeisle_gutenberg_block_has_review":false,"footnotes":""},"class_list":["post-11669","page","type-page","status-publish","hentry"],"yoast_head":"<!-- This site is optimized with the Yoast SEO plugin v27.4 - https:\/\/yoast.com\/product\/yoast-seo-wordpress\/ -->\n<title>About Us | QualiT Limousine<\/title>\n<meta name=\"description\" content=\"10+ years of excellence, QualiT Limousine defines limousine service in Montreal. Trust our legacy for unmatched experiences in every journey!\" \/>\n<meta name=\"robots\" content=\"noindex, follow, max-snippet:-1, max-image-preview:large, max-video-preview:-1\" \/>\n<meta property=\"og:locale\" content=\"en_US\" \/>\n<meta property=\"og:type\" content=\"article\" \/>\n<meta property=\"og:title\" content=\"About Us | QualiT Limousine\" \/>\n<meta property=\"og:description\" content=\"10+ years of excellence, QualiT Limousine defines limousine service in Montreal. Trust our legacy for unmatched experiences in every journey!\" \/>\n<meta property=\"og:url\" content=\"https:\/\/qualitlimousine.com\/fr\/a-propos-de-nous\/\" \/>\n<meta property=\"og:site_name\" content=\"QualiT Limousine\" \/>\n<meta property=\"article:publisher\" content=\"https:\/\/www.facebook.com\/qualit.limousine\" \/>\n<meta property=\"article:modified_time\" content=\"2025-02-18T23:40:50+00:00\" \/>\n<meta name=\"twitter:card\" content=\"summary_large_image\" \/>\n<meta name=\"twitter:label1\" content=\"Est. reading time\" \/>\n\t<meta name=\"twitter:data1\" content=\"2 minutes\" \/>\n<script type=\"application\/ld+json\" class=\"yoast-schema-graph\">{\"@context\":\"https:\\\/\\\/schema.org\",\"@graph\":[{\"@type\":\"WebPage\",\"@id\":\"https:\\\/\\\/qualitlimousine.com\\\/fr\\\/a-propos-de-nous\\\/\",\"url\":\"https:\\\/\\\/qualitlimousine.com\\\/fr\\\/a-propos-de-nous\\\/\",\"name\":\"About Us | QualiT Limousine\",\"isPartOf\":{\"@id\":\"https:\\\/\\\/qualitlimousine.com\\\/fr\\\/#website\"},\"datePublished\":\"2023-10-17T13:23:56+00:00\",\"dateModified\":\"2025-02-18T23:40:50+00:00\",\"description\":\"10+ years of excellence, QualiT Limousine defines limousine service in Montreal. Trust our legacy for unmatched experiences in every journey!\",\"breadcrumb\":{\"@id\":\"https:\\\/\\\/qualitlimousine.com\\\/fr\\\/a-propos-de-nous\\\/#breadcrumb\"},\"inLanguage\":\"en-US\",\"potentialAction\":[{\"@type\":\"ReadAction\",\"target\":[\"https:\\\/\\\/qualitlimousine.com\\\/fr\\\/a-propos-de-nous\\\/\"]}]},{\"@type\":\"BreadcrumbList\",\"@id\":\"https:\\\/\\\/qualitlimousine.com\\\/fr\\\/a-propos-de-nous\\\/#breadcrumb\",\"itemListElement\":[{\"@type\":\"ListItem\",\"position\":1,\"name\":\"Home\",\"item\":\"https:\\\/\\\/qualitlimousine.com\\\/fr\\\/\"},{\"@type\":\"ListItem\",\"position\":2,\"name\":\"\u00c0 Propos de Nous\"}]},{\"@type\":\"WebSite\",\"@id\":\"https:\\\/\\\/qualitlimousine.com\\\/fr\\\/#website\",\"url\":\"https:\\\/\\\/qualitlimousine.com\\\/fr\\\/\",\"name\":\"Qualit Limousine\",\"description\":\"Montreal Limousine Service\",\"publisher\":{\"@id\":\"https:\\\/\\\/qualitlimousine.com\\\/fr\\\/#organization\"},\"potentialAction\":[{\"@type\":\"SearchAction\",\"target\":{\"@type\":\"EntryPoint\",\"urlTemplate\":\"https:\\\/\\\/qualitlimousine.com\\\/fr\\\/?s={search_term_string}\"},\"query-input\":{\"@type\":\"PropertyValueSpecification\",\"valueRequired\":true,\"valueName\":\"search_term_string\"}}],\"inLanguage\":\"en-US\"},{\"@type\":\"Organization\",\"@id\":\"https:\\\/\\\/qualitlimousine.com\\\/fr\\\/#organization\",\"name\":\"Qualit Limousine\",\"url\":\"https:\\\/\\\/qualitlimousine.com\\\/fr\\\/\",\"logo\":{\"@type\":\"ImageObject\",\"inLanguage\":\"en-US\",\"@id\":\"https:\\\/\\\/qualitlimousine.com\\\/fr\\\/#\\\/schema\\\/logo\\\/image\\\/\",\"url\":\"https:\\\/\\\/qualitlimousine.com\\\/fr\\\/wp-content\\\/uploads\\\/2019\\\/04\\\/1-1.jpg\",\"contentUrl\":\"https:\\\/\\\/qualitlimousine.com\\\/fr\\\/wp-content\\\/uploads\\\/2019\\\/04\\\/1-1.jpg\",\"width\":61,\"height\":58,\"caption\":\"Qualit Limousine\"},\"image\":{\"@id\":\"https:\\\/\\\/qualitlimousine.com\\\/fr\\\/#\\\/schema\\\/logo\\\/image\\\/\"},\"sameAs\":[\"https:\\\/\\\/www.facebook.com\\\/qualit.limousine\"]}]}<\/script>\n<!-- \/ Yoast SEO plugin. -->","yoast_head_json":{"title":"About Us | QualiT Limousine","description":"10+ years of excellence, QualiT Limousine defines limousine service in Montreal. Trust our legacy for unmatched experiences in every journey!","robots":{"index":"noindex","follow":"follow","max-snippet":"max-snippet:-1","max-image-preview":"max-image-preview:large","max-video-preview":"max-video-preview:-1"},"og_locale":"en_US","og_type":"article","og_title":"About Us | QualiT Limousine","og_description":"10+ years of excellence, QualiT Limousine defines limousine service in Montreal. Trust our legacy for unmatched experiences in every journey!","og_url":"https:\/\/qualitlimousine.com\/fr\/a-propos-de-nous\/","og_site_name":"QualiT Limousine","article_publisher":"https:\/\/www.facebook.com\/qualit.limousine","article_modified_time":"2025-02-18T23:40:50+00:00","twitter_card":"summary_large_image","twitter_misc":{"Est. reading time":"2 minutes"},"schema":{"@context":"https:\/\/schema.org","@graph":[{"@type":"WebPage","@id":"https:\/\/qualitlimousine.com\/fr\/a-propos-de-nous\/","url":"https:\/\/qualitlimousine.com\/fr\/a-propos-de-nous\/","name":"About Us | QualiT Limousine","isPartOf":{"@id":"https:\/\/qualitlimousine.com\/fr\/#website"},"datePublished":"2023-10-17T13:23:56+00:00","dateModified":"2025-02-18T23:40:50+00:00","description":"10+ years of excellence, QualiT Limousine defines limousine service in Montreal. Trust our legacy for unmatched experiences in every journey!","breadcrumb":{"@id":"https:\/\/qualitlimousine.com\/fr\/a-propos-de-nous\/#breadcrumb"},"inLanguage":"en-US","potentialAction":[{"@type":"ReadAction","target":["https:\/\/qualitlimousine.com\/fr\/a-propos-de-nous\/"]}]},{"@type":"BreadcrumbList","@id":"https:\/\/qualitlimousine.com\/fr\/a-propos-de-nous\/#breadcrumb","itemListElement":[{"@type":"ListItem","position":1,"name":"Home","item":"https:\/\/qualitlimousine.com\/fr\/"},{"@type":"ListItem","position":2,"name":"\u00c0 Propos de Nous"}]},{"@type":"WebSite","@id":"https:\/\/qualitlimousine.com\/fr\/#website","url":"https:\/\/qualitlimousine.com\/fr\/","name":"Qualit Limousine","description":"Montreal Limousine Service","publisher":{"@id":"https:\/\/qualitlimousine.com\/fr\/#organization"},"potentialAction":[{"@type":"SearchAction","target":{"@type":"EntryPoint","urlTemplate":"https:\/\/qualitlimousine.com\/fr\/?s={search_term_string}"},"query-input":{"@type":"PropertyValueSpecification","valueRequired":true,"valueName":"search_term_string"}}],"inLanguage":"en-US"},{"@type":"Organization","@id":"https:\/\/qualitlimousine.com\/fr\/#organization","name":"Qualit Limousine","url":"https:\/\/qualitlimousine.com\/fr\/","logo":{"@type":"ImageObject","inLanguage":"en-US","@id":"https:\/\/qualitlimousine.com\/fr\/#\/schema\/logo\/image\/","url":"https:\/\/qualitlimousine.com\/fr\/wp-content\/uploads\/2019\/04\/1-1.jpg","contentUrl":"https:\/\/qualitlimousine.com\/fr\/wp-content\/uploads\/2019\/04\/1-1.jpg","width":61,"height":58,"caption":"Qualit Limousine"},"image":{"@id":"https:\/\/qualitlimousine.com\/fr\/#\/schema\/logo\/image\/"},"sameAs":["https:\/\/www.facebook.com\/qualit.limousine"]}]}},"_links":{"self":[{"href":"https:\/\/qualitlimousine.com\/fr\/wp-json\/wp\/v2\/pages\/11669","targetHints":{"allow":["GET"]}}],"collection":[{"href":"https:\/\/qualitlimousine.com\/fr\/wp-json\/wp\/v2\/pages"}],"about":[{"href":"https:\/\/qualitlimousine.com\/fr\/wp-json\/wp\/v2\/types\/page"}],"author":[{"embeddable":true,"href":"https:\/\/qualitlimousine.com\/fr\/wp-json\/wp\/v2\/users\/3"}],"replies":[{"embeddable":true,"href":"https:\/\/qualitlimousine.com\/fr\/wp-json\/wp\/v2\/comments?post=11669"}],"version-history":[{"count":7,"href":"https:\/\/qualitlimousine.com\/fr\/wp-json\/wp\/v2\/pages\/11669\/revisions"}],"predecessor-version":[{"id":13209,"href":"https:\/\/qualitlimousine.com\/fr\/wp-json\/wp\/v2\/pages\/11669\/revisions\/13209"}],"wp:attachment":[{"href":"https:\/\/qualitlimousine.com\/fr\/wp-json\/wp\/v2\/media?parent=11669"}],"curies":[{"name":"wp","href":"https:\/\/api.w.org\/{rel}","templated":true}]}}