{"id":11167,"date":"2019-12-20T10:19:01","date_gmt":"2019-12-20T10:19:01","guid":{"rendered":"http:\/\/quanticalabs.com\/wp_themes4\/autoride\/?page_id=11167"},"modified":"2024-09-11T12:58:13","modified_gmt":"2024-09-11T16:58:13","slug":"montreal-limousine","status":"publish","type":"page","link":"https:\/\/qualitlimousine.com\/fr\/","title":{"rendered":"Home"},"content":{"rendered":"<section class=\"wpb-content-wrapper\"><p>[vc_row full_width=&#8221;stretch_row&#8221; el_class=&#8221;theme-overflow-x-hidden&#8221;][vc_column el_class=&#8221;theme-margin-bottom-0&#8243;]\n\t\t\t<!-- START Sliderhome3 REVOLUTION SLIDER 6.6.16 --><p class=\"rs-p-wp-fix\"><\/p>\n\t\t\t<rs-module-wrap id=\"rev_slider_1_1_wrapper\" data-source=\"gallery\" style=\"visibility:hidden;background:transparent;padding:0;margin:0px auto;margin-top:0;margin-bottom:0;\">\n\t\t\t\t<rs-module id=\"rev_slider_1_1\" style=\"\" data-version=\"6.6.16\">\n\t\t\t\t\t<rs-slides style=\"overflow: hidden; position: absolute;\">\n\t\t\t\t\t\t<rs-slide style=\"position: absolute;\" data-key=\"rs-1\" data-title=\"Slide\" data-thumb=\"\/\/qualitlimousine.com\/fr\/wp-content\/uploads\/2019\/04\/bg2-50x100.jpg\" data-anim=\"ms:3000ms;\" data-filter=\"e:late;b:6;\" data-in=\"o:0;sx:1.05;sy:1.05;e:power1.in;\" data-out=\"a:false;\">\n\t\t\t\t\t\t\t<img data-recalc-dims=\"1\" decoding=\"async\" src=\"https:\/\/i0.wp.com\/qualitlimousine.com\/fr\/wp-content\/plugins\/revslider\/public\/assets\/assets\/dummy.png?resize=1180%2C614\" alt=\"\" title=\"bg2\" width=\"1180\" height=\"614\" class=\"rev-slidebg tp-rs-img rs-lazyload\" data-lazyload=\"\/\/qualitlimousine.com\/fr\/wp-content\/uploads\/2019\/04\/bg2.jpg\" data-no-retina>\n<!--\n\t\t\t\t\t\t\t--><h1\n\t\t\t\t\t\t\t\tid=\"slider-1-slide-1-layer-10\" \n\t\t\t\t\t\t\t\tclass=\"rs-layer\"\n\t\t\t\t\t\t\t\tdata-type=\"text\"\n\t\t\t\t\t\t\t\tdata-tsh=\"c:#000000;h:2px,1px,0px,0px;v:2px,1px,0px,0px;b:1px,0px,0px,0px;\"\n\t\t\t\t\t\t\t\tdata-rsp_ch=\"on\"\n\t\t\t\t\t\t\t\tdata-xy=\"xo:71px,54px,43px,26px;yo:206px,158px,126px,77px;\"\n\t\t\t\t\t\t\t\tdata-text=\"w:normal;s:30,23,18,11;l:32,24,19,11;fw:700;\"\n\t\t\t\t\t\t\t\tdata-dim=\"w:1034px,796px,635px,389px;\"\n\t\t\t\t\t\t\t\tdata-frame_0_words=\"d:5;y:-20px,-15px,-11px,-6px;\"\n\t\t\t\t\t\t\t\tdata-frame_1=\"st:500;sp:1500;sR:500;\"\n\t\t\t\t\t\t\t\tdata-frame_1_words=\"e:power4.inOut;d:8;\"\n\t\t\t\t\t\t\t\tdata-frame_999=\"o:0;st:w;sp:1000;sR:4840;\"\n\t\t\t\t\t\t\t\tstyle=\"z-index:7;font-family:'Lato';text-transform:uppercase;\"\n\t\t\t\t\t\t\t>Qualit Limousine \n\t\t\t\t\t\t\t<\/h1><!--\n\n\t\t\t\t\t\t\t--><rs-layer\n\t\t\t\t\t\t\t\tid=\"slider-1-slide-1-layer-11\" \n\t\t\t\t\t\t\t\tdata-type=\"text\"\n\t\t\t\t\t\t\t\tdata-tsh=\"c:#000000;h:2px,1px,0px,0px;v:2px,1px,0px,0px;b:1px,0px,0px,0px;\"\n\t\t\t\t\t\t\t\tdata-rsp_ch=\"on\"\n\t\t\t\t\t\t\t\tdata-xy=\"xo:69px,53px,42px,25px;yo:250px,192px,153px,93px;\"\n\t\t\t\t\t\t\t\tdata-text=\"w:normal;s:60,46,36,22;l:72,55,43,26;fw:900;\"\n\t\t\t\t\t\t\t\tdata-dim=\"w:1022px,787px,627px,384px;\"\n\t\t\t\t\t\t\t\tdata-frame_0=\"oZ:0px;\"\n\t\t\t\t\t\t\t\tdata-frame_0_mask=\"u:t;\"\n\t\t\t\t\t\t\t\tdata-frame_1=\"e:power4.inOut;st:1000;sp:2000;sR:1000;\"\n\t\t\t\t\t\t\t\tdata-frame_1_mask=\"u:t;\"\n\t\t\t\t\t\t\t\tdata-frame_999=\"o:0;e:power4.inOut;st:w;sp:1000;sR:3360;\"\n\t\t\t\t\t\t\t\tstyle=\"z-index:6;font-family:'Lato';\"\n\t\t\t\t\t\t\t>Service de Limousine et Chauffeur Priv\u00e9 \u00e0 Montr\u00e9al \n\t\t\t\t\t\t\t<\/rs-layer><!--\n-->\t\t\t\t\t\t<\/rs-slide>\n\t\t\t\t\t\t<rs-slide style=\"position: absolute;\" data-key=\"rs-3\" data-title=\"Slide\" data-thumb=\"\/\/qualitlimousine.com\/fr\/wp-content\/uploads\/2017\/11\/f6-50x100.jpg\" data-anim=\"ms:3000ms;\" data-filter=\"e:late;b:6;\" data-in=\"o:0;sx:1.05;sy:1.05;e:power1.in;\" data-out=\"a:false;\">\n\t\t\t\t\t\t\t<img data-recalc-dims=\"1\" decoding=\"async\" src=\"https:\/\/i0.wp.com\/qualitlimousine.com\/fr\/wp-content\/plugins\/revslider\/public\/assets\/assets\/dummy.png?resize=1180%2C393\" alt=\"\" title=\"slider_011.jpg\" width=\"1180\" height=\"393\" class=\"rev-slidebg tp-rs-img rs-lazyload\" data-lazyload=\"\/\/qualitlimousine.com\/fr\/wp-content\/uploads\/2023\/10\/slider_011.jpg\" data-no-retina>\n<!--\n\t\t\t\t\t\t\t--><h1\n\t\t\t\t\t\t\t\tid=\"slider-1-slide-3-layer-8\" \n\t\t\t\t\t\t\t\tclass=\"rs-layer\"\n\t\t\t\t\t\t\t\tdata-type=\"text\"\n\t\t\t\t\t\t\t\tdata-tsh=\"c:#000000;h:2px,1px,0px,0px;v:2px,1px,0px,0px;b:1px,0px,0px,0px;\"\n\t\t\t\t\t\t\t\tdata-rsp_ch=\"on\"\n\t\t\t\t\t\t\t\tdata-xy=\"xo:71px,54px,43px,26px;yo:206px,158px,126px,77px;\"\n\t\t\t\t\t\t\t\tdata-text=\"w:normal;s:30,23,18,11;l:32,24,19,11;fw:700;\"\n\t\t\t\t\t\t\t\tdata-dim=\"w:1034px,796px,635px,389px;\"\n\t\t\t\t\t\t\t\tdata-frame_0_words=\"d:5;y:-20px,-15px,-11px,-6px;\"\n\t\t\t\t\t\t\t\tdata-frame_1=\"st:500;sp:1500;sR:500;\"\n\t\t\t\t\t\t\t\tdata-frame_1_words=\"e:power4.inOut;d:8;\"\n\t\t\t\t\t\t\t\tdata-frame_999=\"o:0;st:w;sp:1000;sR:4840;\"\n\t\t\t\t\t\t\t\tstyle=\"z-index:7;font-family:'Lato';text-transform:uppercase;\"\n\t\t\t\t\t\t\t>Qualit Limousine \n\t\t\t\t\t\t\t<\/h1><!--\n\n\t\t\t\t\t\t\t--><rs-layer\n\t\t\t\t\t\t\t\tid=\"slider-1-slide-3-layer-9\" \n\t\t\t\t\t\t\t\tdata-type=\"text\"\n\t\t\t\t\t\t\t\tdata-tsh=\"c:#000000;h:2px,1px,0px,0px;v:2px,1px,0px,0px;b:1px,0px,0px,0px;\"\n\t\t\t\t\t\t\t\tdata-rsp_ch=\"on\"\n\t\t\t\t\t\t\t\tdata-xy=\"xo:69px,53px,42px,25px;yo:250px,192px,153px,93px;\"\n\t\t\t\t\t\t\t\tdata-text=\"w:normal;s:60,46,36,22;l:72,55,43,26;fw:900;\"\n\t\t\t\t\t\t\t\tdata-dim=\"w:1022px,787px,627px,384px;\"\n\t\t\t\t\t\t\t\tdata-frame_0=\"oZ:0px;\"\n\t\t\t\t\t\t\t\tdata-frame_0_mask=\"u:t;\"\n\t\t\t\t\t\t\t\tdata-frame_1=\"e:power4.inOut;st:1000;sp:2000;sR:1000;\"\n\t\t\t\t\t\t\t\tdata-frame_1_mask=\"u:t;\"\n\t\t\t\t\t\t\t\tdata-frame_999=\"o:0;e:power4.inOut;st:w;sp:1000;sR:3360;\"\n\t\t\t\t\t\t\t\tstyle=\"z-index:6;font-family:'Lato';\"\n\t\t\t\t\t\t\t>R\u00e9servez Aujourd'hui Et Voyagez Dans Le Confort Lors De Votre Prochain Voyage \n\t\t\t\t\t\t\t<\/rs-layer><!--\n-->\t\t\t\t\t\t<\/rs-slide>\n\t\t\t\t\t<\/rs-slides>\n\t\t\t\t\t<rs-static-layers><!--\n\t\t\t\t\t--><\/rs-static-layers>\n\t\t\t\t<\/rs-module>\n\t\t\t\t<script>\n\t\t\t\t\tsetREVStartSize({c: 'rev_slider_1_1',rl:[1920,1240,960,768],el:[750,640,640,640],gw:[1220,940,750,460],gh:[750,750,750,640],type:'standard',justify:'',layout:'fullwidth',mh:\"0\"});if (window.RS_MODULES!==undefined && window.RS_MODULES.modules!==undefined && window.RS_MODULES.modules[\"revslider11\"]!==undefined) {window.RS_MODULES.modules[\"revslider11\"].once = false;window.revapi1 = undefined;if (window.RS_MODULES.checkMinimal!==undefined) window.RS_MODULES.checkMinimal()}\n\t\t\t\t<\/script>\n\t\t\t<\/rs-module-wrap>\n\t\t\t<!-- END REVOLUTION SLIDER -->\n[\/vc_column][\/vc_row][vc_row el_class=&#8221;theme-column-style-2&#8243; css=&#8221;.vc_custom_1697561666998{margin-top: 10px !important;}&#8221;][vc_column el_class=&#8221;theme-margin-bottom-0&#8243;]\r\n            <div class=\"theme-component-header-subheader aligncenter theme-margin-bottom-0\">\r\n                <div class=\"theme-component-header-subheader-subheader\">Votre Voyage avec Notre Expertise<\/div>\r\n                <h2 class=\"theme-component-header-subheader-header\">Au-Del\u00e0 des Limites, \u00c0 l'Heure, \u00c0 Chaque Fois.<\/h2>\r\n            <\/div>\r\n        [\/vc_column][\/vc_row][vc_row css=&#8221;.vc_custom_1697560894916{margin-top: -30px !important;}&#8221;][vc_column]\n            <div class=\"theme-component-feature theme-component-feature-style-1\">\n                [vc_row_inner][vc_column_inner width=&#8221;1\/4&#8243;]\r\n            <div class=\"theme-component-feature-item\">\r\n                <span class=\"theme-icon-feature-garage theme-component-feature-item-icon\"><span><\/span><\/span>\r\n                <h4 class=\"theme-component-feature-item-header\">Transferts A\u00e9roport<\/h4><p>Ne manquez jamais un vol avec notre service de chauffeur d\u00e9di\u00e9.<\/p>\n\r\n            <\/div>\r\n        [\/vc_column_inner][vc_column_inner width=&#8221;1\/4&#8243;]\r\n            <div class=\"theme-component-feature-item\">\r\n                <span class=\"theme-icon-feature-office theme-component-feature-item-icon\"><span><\/span><\/span>\r\n                <h4 class=\"theme-component-feature-item-header\">R\u00e9unions d&#039;Affaires<\/h4><p>Ne manquez jamais une r\u00e9union d&#8217;affaires avec notre service de chauffeur fiable.<\/p>\n\r\n            <\/div>\r\n        [\/vc_column_inner][vc_column_inner width=&#8221;1\/4&#8243;]\r\n            <div class=\"theme-component-feature-item\">\r\n                <span class=\"theme-icon-feature-bus-1 theme-component-feature-item-icon\"><span><\/span><\/span>\r\n                <h4 class=\"theme-component-feature-item-header\">\u00c9v\u00e9nements Sp\u00e9ciaux<\/h4><p>Faites-en une journ\u00e9e m\u00e9morable avec notre service de chauffeur d\u00e9di\u00e9.<\/p>\n\r\n            <\/div>\r\n        [\/vc_column_inner][vc_column_inner width=&#8221;1\/4&#8243;]\r\n            <div class=\"theme-component-feature-item\">\r\n                <span class=\"theme-icon-feature-road-pin theme-component-feature-item-icon\"><span><\/span><\/span>\r\n                <h4 class=\"theme-component-feature-item-header\">Visite de la Ville<\/h4><p>Embarquez pour les meilleures visites de la ville avec nos chauffeurs qualifi\u00e9s \u00e0 votre disposition <\/p>\n\r\n            <\/div>\r\n        [\/vc_column_inner][\/vc_row_inner]\n            <\/div>\n        [\/vc_column][\/vc_row][vc_row full_width=&#8221;stretch_row&#8221; el_class=&#8221;theme-column-style-12home&#8221; css=&#8221;.vc_custom_1697561529843{background-color: #f6f6f6 !important;}&#8221;][vc_column width=&#8221;1\/2&#8243; el_class=&#8221;theme-margin-bottom-0&#8243;]\r\n            <div class=\"theme-component-button theme-component-button-style-1 aligncenter\">\r\n                <a href=\"https:\/\/qualitlimousine.com\/fr\/flotte\/\" target=\"_self\">\r\n                    Explorer Notre Flotte\r\n                <\/a>\r\n            <\/div>\r\n        [\/vc_column][vc_column width=&#8221;1\/2&#8243; el_class=&#8221;theme-margin-bottom-0&#8243;]\r\n            <div class=\"theme-component-button theme-component-button-style-1 aligncenter\">\r\n                <a href=\"https:\/\/qualitlimousine.com\/fr\/contact-us\/\" target=\"_self\">\r\n                    Obtenez Une Soumission\r\n                <\/a>\r\n            <\/div>\r\n        [\/vc_column][\/vc_row][vc_row][vc_column][vc_empty_space height=&#8221;70px&#8221;][vc_raw_html]JTVCdHJ1c3RpbmRleCUyMG5vLXJlZ2lzdHJhdGlvbiUzRGdvb2dsZSU1RA==[\/vc_raw_html][\/vc_column][\/vc_row][vc_row full_width=&#8221;stretch_row_content_no_spaces&#8221; equal_height=&#8221;yes&#8221;][vc_column width=&#8221;1\/2&#8243; el_class=&#8221;theme-column-style-1&#8243;]\r\n            <div class=\"theme-component-header-subheader alignleft theme-margin-bottom-60\">\r\n                \r\n                <h2 class=\"theme-component-header-subheader-header\">\u00c0 Propos de Nous<\/h2>\r\n            <\/div>\r\n        [vc_column_text]<strong>QualiT Limousine et Service de Chauffeur Priv\u00e9 sont dans le m\u00e9tier depuis plus de dix ans. Avec notre qualit\u00e9, professionnalisme et ponctualit\u00e9, nous avons acquis notre r\u00e9putation.<\/strong><\/p>\n<ul>\n<li>Service disponible 24\/7.<\/li>\n<li>Chauffeurs form\u00e9s et certifi\u00e9s<\/li>\n<li>Service de transfert ou sous-instructions<\/li>\n<li>Depuis ou vers l&#8217;a\u00e9roport Trudeau (YUL)<\/li>\n<li>Depuis ou vers un a\u00e9roport priv\u00e9 (FBO)<\/li>\n<li>Compte entreprise<\/li>\n<li>Expert en trajets longue distance<\/li>\n<\/ul>\n<p><strong>Si vous cherchez un service de limousine, notre \u00e9quipe sera ravie de vous aider et de vous rendre confortable durant votre voyage avec nous.<\/strong>[\/vc_column_text][vc_empty_space]\r\n            <div class=\"theme-component-button theme-component-button-style-1 alignleft\">\r\n                <a href=\"https:\/\/qualitlimousine.com\/fr\/about-us\/\" target=\"_self\">\r\n                    En Savoir Plus\r\n                <\/a>\r\n            <\/div>\r\n        [\/vc_column][vc_column width=&#8221;1\/2&#8243; css=&#8221;.vc_custom_1697474871199{background-color: #ffffff !important;}&#8221;][vc_single_image image=&#8221;12059&#8243; img_size=&#8221;full&#8221; css=&#8221;.vc_custom_1697475280900{background-color: #ffffff !important;}&#8221;][\/vc_column][\/vc_row][vc_row][vc_column][vc_column_text]<\/p>\n<p>[\/vc_column_text][\/vc_column][\/vc_row]<\/p>\n<\/section>","protected":false},"excerpt":{"rendered":"<p>[vc_row full_width=&#8221;stretch_row&#8221; el_class=&#8221;theme-overflow-x-hidden&#8221;][vc_column el_class=&#8221;theme-margin-bottom-0&#8243;][\/vc_column][\/vc_row][vc_row el_class=&#8221;theme-column-style-2&#8243; css=&#8221;.vc_custom_1697561666998{margin-top: 10px !important;}&#8221;][vc_column el_class=&#8221;theme-margin-bottom-0&#8243;][\/vc_column][\/vc_row][vc_row css=&#8221;.vc_custom_1697560894916{margin-top: -30px !important;}&#8221;][vc_column][\/vc_column][\/vc_row][vc_row full_width=&#8221;stretch_row&#8221; el_class=&#8221;theme-column-style-12home&#8221; css=&#8221;.vc_custom_1697561529843{background-color: #f6f6f6 !important;}&#8221;][vc_column width=&#8221;1\/2&#8243; el_class=&#8221;theme-margin-bottom-0&#8243;][\/vc_column][vc_column width=&#8221;1\/2&#8243; el_class=&#8221;theme-margin-bottom-0&#8243;][\/vc_column][\/vc_row][vc_row][vc_column][vc_empty_space height=&#8221;70px&#8221;][vc_raw_html]JTVCdHJ1c3RpbmRleCUyMG5vLXJlZ2lzdHJhdGlvbiUzRGdvb2dsZSU1RA==[\/vc_raw_html][\/vc_column][\/vc_row][vc_row full_width=&#8221;stretch_row_content_no_spaces&#8221; equal_height=&#8221;yes&#8221;][vc_column width=&#8221;1\/2&#8243; el_class=&#8221;theme-column-style-1&#8243;][vc_column_text]QualiT Limousine et Service de Chauffeur Priv\u00e9 sont dans le m\u00e9tier depuis plus de dix ans. Avec notre qualit\u00e9, professionnalisme et ponctualit\u00e9, nous avons acquis notre r\u00e9putation. Service disponible 24\/7. [&#8230;]<\/p>\n","protected":false},"author":3,"featured_media":0,"parent":0,"menu_order":0,"comment_status":"closed","ping_status":"closed","template":"","meta":{"nf_dc_page":"","om_disable_all_campaigns":false,"_themeisle_gutenberg_block_has_review":false,"footnotes":""},"class_list":["post-11167","page","type-page","status-publish","hentry"],"yoast_head":"<!-- This site is optimized with the Yoast SEO plugin v27.4 - https:\/\/yoast.com\/product\/yoast-seo-wordpress\/ -->\n<title>Montreal Limousine Services | QualiT Limousine<\/title>\n<meta name=\"description\" content=\"Montreal&#039;s top limo service for weddings, airport transfers and long distance. Elevate your experience with style and reliability. Book now!\" \/>\n<meta name=\"robots\" content=\"noindex, follow, max-snippet:-1, max-image-preview:large, max-video-preview:-1\" \/>\n<meta property=\"og:locale\" content=\"en_US\" \/>\n<meta property=\"og:type\" content=\"article\" \/>\n<meta property=\"og:title\" content=\"Montreal Limousine Services | QualiT Limousine\" \/>\n<meta property=\"og:description\" content=\"Montreal&#039;s top limo service for weddings, airport transfers and long distance. Elevate your experience with style and reliability. Book now!\" \/>\n<meta property=\"og:url\" content=\"https:\/\/qualitlimousine.com\/fr\/\" \/>\n<meta property=\"og:site_name\" content=\"QualiT Limousine\" \/>\n<meta property=\"article:publisher\" content=\"https:\/\/www.facebook.com\/qualit.limousine\" \/>\n<meta property=\"article:modified_time\" content=\"2024-09-11T16:58:13+00:00\" \/>\n<meta name=\"twitter:card\" content=\"summary_large_image\" \/>\n<meta name=\"twitter:label1\" content=\"Est. reading time\" \/>\n\t<meta name=\"twitter:data1\" content=\"2 minutes\" \/>\n<script type=\"application\/ld+json\" class=\"yoast-schema-graph\">{\"@context\":\"https:\\\/\\\/schema.org\",\"@graph\":[{\"@type\":\"WebPage\",\"@id\":\"https:\\\/\\\/qualitlimousine.com\\\/fr\\\/\",\"url\":\"https:\\\/\\\/qualitlimousine.com\\\/fr\\\/\",\"name\":\"Montreal Limousine Services | QualiT Limousine\",\"isPartOf\":{\"@id\":\"https:\\\/\\\/qualitlimousine.com\\\/fr\\\/#website\"},\"datePublished\":\"2019-12-20T10:19:01+00:00\",\"dateModified\":\"2024-09-11T16:58:13+00:00\",\"description\":\"Montreal's top limo service for weddings, airport transfers and long distance. Elevate your experience with style and reliability. Book now!\",\"breadcrumb\":{\"@id\":\"https:\\\/\\\/qualitlimousine.com\\\/fr\\\/#breadcrumb\"},\"inLanguage\":\"en-US\",\"potentialAction\":[{\"@type\":\"ReadAction\",\"target\":[\"https:\\\/\\\/qualitlimousine.com\\\/fr\\\/\"]}]},{\"@type\":\"BreadcrumbList\",\"@id\":\"https:\\\/\\\/qualitlimousine.com\\\/fr\\\/#breadcrumb\",\"itemListElement\":[{\"@type\":\"ListItem\",\"position\":1,\"name\":\"Home\",\"item\":\"https:\\\/\\\/qualitlimousine.com\\\/fr\\\/\"},{\"@type\":\"ListItem\",\"position\":2,\"name\":\"Home\"}]},{\"@type\":\"WebSite\",\"@id\":\"https:\\\/\\\/qualitlimousine.com\\\/fr\\\/#website\",\"url\":\"https:\\\/\\\/qualitlimousine.com\\\/fr\\\/\",\"name\":\"Qualit Limousine\",\"description\":\"Montreal Limousine Service\",\"publisher\":{\"@id\":\"https:\\\/\\\/qualitlimousine.com\\\/fr\\\/#organization\"},\"potentialAction\":[{\"@type\":\"SearchAction\",\"target\":{\"@type\":\"EntryPoint\",\"urlTemplate\":\"https:\\\/\\\/qualitlimousine.com\\\/fr\\\/?s={search_term_string}\"},\"query-input\":{\"@type\":\"PropertyValueSpecification\",\"valueRequired\":true,\"valueName\":\"search_term_string\"}}],\"inLanguage\":\"en-US\"},{\"@type\":\"Organization\",\"@id\":\"https:\\\/\\\/qualitlimousine.com\\\/fr\\\/#organization\",\"name\":\"Qualit Limousine\",\"url\":\"https:\\\/\\\/qualitlimousine.com\\\/fr\\\/\",\"logo\":{\"@type\":\"ImageObject\",\"inLanguage\":\"en-US\",\"@id\":\"https:\\\/\\\/qualitlimousine.com\\\/fr\\\/#\\\/schema\\\/logo\\\/image\\\/\",\"url\":\"https:\\\/\\\/qualitlimousine.com\\\/fr\\\/wp-content\\\/uploads\\\/2019\\\/04\\\/1-1.jpg\",\"contentUrl\":\"https:\\\/\\\/qualitlimousine.com\\\/fr\\\/wp-content\\\/uploads\\\/2019\\\/04\\\/1-1.jpg\",\"width\":61,\"height\":58,\"caption\":\"Qualit Limousine\"},\"image\":{\"@id\":\"https:\\\/\\\/qualitlimousine.com\\\/fr\\\/#\\\/schema\\\/logo\\\/image\\\/\"},\"sameAs\":[\"https:\\\/\\\/www.facebook.com\\\/qualit.limousine\"]}]}<\/script>\n<!-- \/ Yoast SEO plugin. -->","yoast_head_json":{"title":"Montreal Limousine Services | QualiT Limousine","description":"Montreal's top limo service for weddings, airport transfers and long distance. Elevate your experience with style and reliability. Book now!","robots":{"index":"noindex","follow":"follow","max-snippet":"max-snippet:-1","max-image-preview":"max-image-preview:large","max-video-preview":"max-video-preview:-1"},"og_locale":"en_US","og_type":"article","og_title":"Montreal Limousine Services | QualiT Limousine","og_description":"Montreal's top limo service for weddings, airport transfers and long distance. Elevate your experience with style and reliability. Book now!","og_url":"https:\/\/qualitlimousine.com\/fr\/","og_site_name":"QualiT Limousine","article_publisher":"https:\/\/www.facebook.com\/qualit.limousine","article_modified_time":"2024-09-11T16:58:13+00:00","twitter_card":"summary_large_image","twitter_misc":{"Est. reading time":"2 minutes"},"schema":{"@context":"https:\/\/schema.org","@graph":[{"@type":"WebPage","@id":"https:\/\/qualitlimousine.com\/fr\/","url":"https:\/\/qualitlimousine.com\/fr\/","name":"Montreal Limousine Services | QualiT Limousine","isPartOf":{"@id":"https:\/\/qualitlimousine.com\/fr\/#website"},"datePublished":"2019-12-20T10:19:01+00:00","dateModified":"2024-09-11T16:58:13+00:00","description":"Montreal's top limo service for weddings, airport transfers and long distance. Elevate your experience with style and reliability. Book now!","breadcrumb":{"@id":"https:\/\/qualitlimousine.com\/fr\/#breadcrumb"},"inLanguage":"en-US","potentialAction":[{"@type":"ReadAction","target":["https:\/\/qualitlimousine.com\/fr\/"]}]},{"@type":"BreadcrumbList","@id":"https:\/\/qualitlimousine.com\/fr\/#breadcrumb","itemListElement":[{"@type":"ListItem","position":1,"name":"Home","item":"https:\/\/qualitlimousine.com\/fr\/"},{"@type":"ListItem","position":2,"name":"Home"}]},{"@type":"WebSite","@id":"https:\/\/qualitlimousine.com\/fr\/#website","url":"https:\/\/qualitlimousine.com\/fr\/","name":"Qualit Limousine","description":"Montreal Limousine Service","publisher":{"@id":"https:\/\/qualitlimousine.com\/fr\/#organization"},"potentialAction":[{"@type":"SearchAction","target":{"@type":"EntryPoint","urlTemplate":"https:\/\/qualitlimousine.com\/fr\/?s={search_term_string}"},"query-input":{"@type":"PropertyValueSpecification","valueRequired":true,"valueName":"search_term_string"}}],"inLanguage":"en-US"},{"@type":"Organization","@id":"https:\/\/qualitlimousine.com\/fr\/#organization","name":"Qualit Limousine","url":"https:\/\/qualitlimousine.com\/fr\/","logo":{"@type":"ImageObject","inLanguage":"en-US","@id":"https:\/\/qualitlimousine.com\/fr\/#\/schema\/logo\/image\/","url":"https:\/\/qualitlimousine.com\/fr\/wp-content\/uploads\/2019\/04\/1-1.jpg","contentUrl":"https:\/\/qualitlimousine.com\/fr\/wp-content\/uploads\/2019\/04\/1-1.jpg","width":61,"height":58,"caption":"Qualit Limousine"},"image":{"@id":"https:\/\/qualitlimousine.com\/fr\/#\/schema\/logo\/image\/"},"sameAs":["https:\/\/www.facebook.com\/qualit.limousine"]}]}},"_links":{"self":[{"href":"https:\/\/qualitlimousine.com\/fr\/wp-json\/wp\/v2\/pages\/11167","targetHints":{"allow":["GET"]}}],"collection":[{"href":"https:\/\/qualitlimousine.com\/fr\/wp-json\/wp\/v2\/pages"}],"about":[{"href":"https:\/\/qualitlimousine.com\/fr\/wp-json\/wp\/v2\/types\/page"}],"author":[{"embeddable":true,"href":"https:\/\/qualitlimousine.com\/fr\/wp-json\/wp\/v2\/users\/3"}],"replies":[{"embeddable":true,"href":"https:\/\/qualitlimousine.com\/fr\/wp-json\/wp\/v2\/comments?post=11167"}],"version-history":[{"count":6,"href":"https:\/\/qualitlimousine.com\/fr\/wp-json\/wp\/v2\/pages\/11167\/revisions"}],"predecessor-version":[{"id":13192,"href":"https:\/\/qualitlimousine.com\/fr\/wp-json\/wp\/v2\/pages\/11167\/revisions\/13192"}],"wp:attachment":[{"href":"https:\/\/qualitlimousine.com\/fr\/wp-json\/wp\/v2\/media?parent=11167"}],"curies":[{"name":"wp","href":"https:\/\/api.w.org\/{rel}","templated":true}]}}