{"id":11025,"date":"2019-12-12T09:19:06","date_gmt":"2019-12-12T09:19:06","guid":{"rendered":"http:\/\/quanticalabs.com\/wp_themes4\/autoride\/?page_id=11025"},"modified":"2025-02-18T22:17:57","modified_gmt":"2025-02-19T03:17:57","slug":"services","status":"publish","type":"page","link":"https:\/\/qualitlimousine.com\/fr\/services\/","title":{"rendered":"Services"},"content":{"rendered":"<section class=\"wpb-content-wrapper\"><p>[vc_section][vc_row][vc_column width=&#8221;1\/2&#8243;][vc_single_image image=&#8221;1476&#8243; img_size=&#8221;600&#215;400&#8243; css=&#8221;.vc_custom_1694963137529{border-radius: 4px !important;}&#8221;][\/vc_column][vc_column width=&#8221;1\/2&#8243;][vc_custom_heading text=&#8221;VISITE DE LA VILLE&#8221; font_container=&#8221;tag:h2|text_align:center&#8221; google_fonts=&#8221;font_family:Lato%3A100%2C100italic%2C300%2C300italic%2Cregular%2Citalic%2C700%2C700italic%2C900%2C900italic|font_style:400%20regular%3A400%3Anormal&#8221;][vc_column_text]<\/p>\n<p><center>\u00cates-vous pr\u00eat \u00e0 embarquer pour un voyage \u00e0 travers les rues enchanteresses de Montr\u00e9al ? Ce joyau canadien est une ville unique, offrant un m\u00e9lange distinct de charme europ\u00e9en et de dynamisme nord-am\u00e9ricain.<\/center>Rejoignez-nous pour une visite \u00e9clair des attractions les plus embl\u00e9matiques de Montr\u00e9al, de son histoire, de sa cuisine r\u00e9put\u00e9e internationalement et de sa culture vibrante avec un guide professionnel. Prenez votre temps, regardez autour de vous et apprenez tout ce qu&#8217;il y a \u00e0 savoir sur Montr\u00e9al.<\/p>\n<p>[\/vc_column_text]\r\n            <div class=\"theme-component-button theme-component-button-style-1 aligncenter servicebtn\">\r\n                <a href=\"https:\/\/qualitlimousine.com\/fr\/city-tour\/\" target=\"_self\">\r\n                    En savoir plus\r\n                <\/a>\r\n            <\/div>\r\n        [\/vc_column][\/vc_row][\/vc_section][vc_section][vc_row][vc_column width=&#8221;1\/2&#8243;][vc_single_image image=&#8221;12289&#8243; img_size=&#8221;600&#215;400&#8243; css=&#8221;.vc_custom_1697640843250{border-radius: 4px !important;}&#8221;][\/vc_column][vc_column width=&#8221;1\/2&#8243;][vc_custom_heading text=&#8221;SERVICE DE LIMOUSINE \u00c0 L&#8217;A\u00c9ROPORT&#8221; font_container=&#8221;tag:h2|text_align:center&#8221; google_fonts=&#8221;font_family:Lato%3A100%2C100italic%2C300%2C300italic%2Cregular%2Citalic%2C700%2C700italic%2C900%2C900italic|font_style:400%20regular%3A400%3Anormal&#8221;][vc_column_text]<\/p>\n<p><center>Besoin d&#8217;un trajet s\u00fbr et confortable depuis ou vers l&#8217;a\u00e9roport ?<\/center>Premi\u00e8re fois \u00e0 Montr\u00e9al \u00e0 l&#8217;a\u00e9roport Trudeau ou voyageant avec votre jet priv\u00e9 et vous atterrissez au FBO ?<\/p>\n<p>Ne vous inqui\u00e9tez pas. Le service QualiT Limousine aura le privil\u00e8ge de vous accueillir \u00e0 votre arriv\u00e9e. Laissez nos chauffeurs professionnels s&#8217;en charger.[\/vc_column_text]\r\n            <div class=\"theme-component-button theme-component-button-style-1 aligncenter servicebtn\">\r\n                <a href=\"https:\/\/qualitlimousine.com\/fr\/airport-limo-service\/\" target=\"_self\">\r\n                    En savoir plus\r\n                <\/a>\r\n            <\/div>\r\n        [\/vc_column][\/vc_row][\/vc_section][vc_section][vc_row][vc_column width=&#8221;1\/2&#8243;][vc_single_image image=&#8221;11855&#8243; img_size=&#8221;600&#215;400&#8243; css=&#8221;.vc_custom_1697381633545{border-radius: 4px !important;}&#8221;][\/vc_column][vc_column width=&#8221;1\/2&#8243;][vc_custom_heading text=&#8221;\u00c9V\u00c9NEMENTS SP\u00c9CIAUX&#8221; font_container=&#8221;tag:h2|text_align:center&#8221; google_fonts=&#8221;font_family:Lato%3A100%2C100italic%2C300%2C300italic%2Cregular%2Citalic%2C700%2C700italic%2C900%2C900italic|font_style:400%20regular%3A400%3Anormal&#8221;][vc_column_text]<\/p>\n<p><center>Les \u00e9v\u00e9nements sp\u00e9ciaux n\u00e9cessitent souvent une touche d&#8217;extravagance et de luxe. Arriver dans un v\u00e9hicule haut de gamme, bien entretenu, comme une limousine ou une voiture classique, ajoute un sentiment d&#8217;opulence \u00e0 l&#8217;occasion et vous fait sentir comme un VIP.<\/center><\/p>\n<p style=\"text-align: left;\">Utiliser le service de QualiT limousine \u00a0pour un \u00e9v\u00e9nement sp\u00e9cial am\u00e9liorera consid\u00e9rablement l&#8217;exp\u00e9rience globale et rendra l&#8217;occasion encore plus m\u00e9morable !<\/p>\n<p>[\/vc_column_text]\r\n            <div class=\"theme-component-button theme-component-button-style-1 aligncenter servicebtn\">\r\n                <a href=\"https:\/\/qualitlimousine.com\/fr\/special-events\/\" target=\"_self\">\r\n                    En savoir plus\r\n                <\/a>\r\n            <\/div>\r\n        [\/vc_column][\/vc_row][\/vc_section][vc_section][\/vc_section]<\/p>\n<\/section>","protected":false},"excerpt":{"rendered":"<p>[vc_section][vc_row][vc_column width=&#8221;1\/2&#8243;][vc_single_image image=&#8221;1476&#8243; img_size=&#8221;600&#215;400&#8243; css=&#8221;.vc_custom_1694963137529{border-radius: 4px !important;}&#8221;][\/vc_column][vc_column width=&#8221;1\/2&#8243;][vc_custom_heading text=&#8221;VISITE DE LA VILLE&#8221; font_container=&#8221;tag:h2|text_align:center&#8221; google_fonts=&#8221;font_family:Lato%3A100%2C100italic%2C300%2C300italic%2Cregular%2Citalic%2C700%2C700italic%2C900%2C900italic|font_style:400%20regular%3A400%3Anormal&#8221;][vc_column_text] \u00cates-vous pr\u00eat \u00e0 embarquer pour un voyage \u00e0 travers les rues enchanteresses de Montr\u00e9al ? Ce joyau canadien est une ville unique, offrant un m\u00e9lange distinct de charme europ\u00e9en et de dynamisme nord-am\u00e9ricain.Rejoignez-nous pour une visite \u00e9clair des attractions les plus [&#8230;]<\/p>\n","protected":false},"author":3,"featured_media":0,"parent":0,"menu_order":0,"comment_status":"closed","ping_status":"closed","template":"","meta":{"nf_dc_page":"","om_disable_all_campaigns":false,"_themeisle_gutenberg_block_has_review":false,"footnotes":""},"class_list":["post-11025","page","type-page","status-publish","hentry"],"yoast_head":"<!-- This site is optimized with the Yoast SEO plugin v27.4 - https:\/\/yoast.com\/product\/yoast-seo-wordpress\/ -->\n<title>Montreal Limousine Services | QualiT Limousine<\/title>\n<meta name=\"description\" content=\"Montreal Limousine Services - QualiT Limousine offers top-tier limo rentals for weddings, airport transfers, corporate events and long-distance travel. Experience luxurious transportation throughout Montreal and beyond. Book your ride now!\" \/>\n<meta name=\"robots\" content=\"noindex, follow, max-snippet:-1, max-image-preview:large, max-video-preview:-1\" \/>\n<meta property=\"og:locale\" content=\"en_US\" \/>\n<meta property=\"og:type\" content=\"article\" \/>\n<meta property=\"og:title\" content=\"Montreal Limousine Services | QualiT Limousine\" \/>\n<meta property=\"og:description\" content=\"Montreal Limousine Services - QualiT Limousine offers top-tier limo rentals for weddings, airport transfers, corporate events and long-distance travel. Experience luxurious transportation throughout Montreal and beyond. Book your ride now!\" \/>\n<meta property=\"og:url\" content=\"https:\/\/qualitlimousine.com\/fr\/services\/\" \/>\n<meta property=\"og:site_name\" content=\"QualiT Limousine\" \/>\n<meta property=\"article:publisher\" content=\"https:\/\/www.facebook.com\/qualit.limousine\" \/>\n<meta property=\"article:modified_time\" content=\"2025-02-19T03:17:57+00:00\" \/>\n<meta name=\"twitter:card\" content=\"summary_large_image\" \/>\n<meta name=\"twitter:label1\" content=\"Est. reading time\" \/>\n\t<meta name=\"twitter:data1\" content=\"2 minutes\" \/>\n<script type=\"application\/ld+json\" class=\"yoast-schema-graph\">{\"@context\":\"https:\\\/\\\/schema.org\",\"@graph\":[{\"@type\":\"WebPage\",\"@id\":\"https:\\\/\\\/qualitlimousine.com\\\/fr\\\/services\\\/\",\"url\":\"https:\\\/\\\/qualitlimousine.com\\\/fr\\\/services\\\/\",\"name\":\"Montreal Limousine Services | QualiT Limousine\",\"isPartOf\":{\"@id\":\"https:\\\/\\\/qualitlimousine.com\\\/fr\\\/#website\"},\"datePublished\":\"2019-12-12T09:19:06+00:00\",\"dateModified\":\"2025-02-19T03:17:57+00:00\",\"description\":\"Montreal Limousine Services - QualiT Limousine offers top-tier limo rentals for weddings, airport transfers, corporate events and long-distance travel. Experience luxurious transportation throughout Montreal and beyond. Book your ride now!\",\"breadcrumb\":{\"@id\":\"https:\\\/\\\/qualitlimousine.com\\\/fr\\\/services\\\/#breadcrumb\"},\"inLanguage\":\"en-US\",\"potentialAction\":[{\"@type\":\"ReadAction\",\"target\":[\"https:\\\/\\\/qualitlimousine.com\\\/fr\\\/services\\\/\"]}]},{\"@type\":\"BreadcrumbList\",\"@id\":\"https:\\\/\\\/qualitlimousine.com\\\/fr\\\/services\\\/#breadcrumb\",\"itemListElement\":[{\"@type\":\"ListItem\",\"position\":1,\"name\":\"Home\",\"item\":\"https:\\\/\\\/qualitlimousine.com\\\/fr\\\/\"},{\"@type\":\"ListItem\",\"position\":2,\"name\":\"Services\"}]},{\"@type\":\"WebSite\",\"@id\":\"https:\\\/\\\/qualitlimousine.com\\\/fr\\\/#website\",\"url\":\"https:\\\/\\\/qualitlimousine.com\\\/fr\\\/\",\"name\":\"Qualit Limousine\",\"description\":\"Montreal Limousine Service\",\"publisher\":{\"@id\":\"https:\\\/\\\/qualitlimousine.com\\\/fr\\\/#organization\"},\"potentialAction\":[{\"@type\":\"SearchAction\",\"target\":{\"@type\":\"EntryPoint\",\"urlTemplate\":\"https:\\\/\\\/qualitlimousine.com\\\/fr\\\/?s={search_term_string}\"},\"query-input\":{\"@type\":\"PropertyValueSpecification\",\"valueRequired\":true,\"valueName\":\"search_term_string\"}}],\"inLanguage\":\"en-US\"},{\"@type\":\"Organization\",\"@id\":\"https:\\\/\\\/qualitlimousine.com\\\/fr\\\/#organization\",\"name\":\"Qualit Limousine\",\"url\":\"https:\\\/\\\/qualitlimousine.com\\\/fr\\\/\",\"logo\":{\"@type\":\"ImageObject\",\"inLanguage\":\"en-US\",\"@id\":\"https:\\\/\\\/qualitlimousine.com\\\/fr\\\/#\\\/schema\\\/logo\\\/image\\\/\",\"url\":\"https:\\\/\\\/qualitlimousine.com\\\/fr\\\/wp-content\\\/uploads\\\/2019\\\/04\\\/1-1.jpg\",\"contentUrl\":\"https:\\\/\\\/qualitlimousine.com\\\/fr\\\/wp-content\\\/uploads\\\/2019\\\/04\\\/1-1.jpg\",\"width\":61,\"height\":58,\"caption\":\"Qualit Limousine\"},\"image\":{\"@id\":\"https:\\\/\\\/qualitlimousine.com\\\/fr\\\/#\\\/schema\\\/logo\\\/image\\\/\"},\"sameAs\":[\"https:\\\/\\\/www.facebook.com\\\/qualit.limousine\"]}]}<\/script>\n<!-- \/ Yoast SEO plugin. -->","yoast_head_json":{"title":"Montreal Limousine Services | QualiT Limousine","description":"Montreal Limousine Services - QualiT Limousine offers top-tier limo rentals for weddings, airport transfers, corporate events and long-distance travel. Experience luxurious transportation throughout Montreal and beyond. Book your ride now!","robots":{"index":"noindex","follow":"follow","max-snippet":"max-snippet:-1","max-image-preview":"max-image-preview:large","max-video-preview":"max-video-preview:-1"},"og_locale":"en_US","og_type":"article","og_title":"Montreal Limousine Services | QualiT Limousine","og_description":"Montreal Limousine Services - QualiT Limousine offers top-tier limo rentals for weddings, airport transfers, corporate events and long-distance travel. Experience luxurious transportation throughout Montreal and beyond. Book your ride now!","og_url":"https:\/\/qualitlimousine.com\/fr\/services\/","og_site_name":"QualiT Limousine","article_publisher":"https:\/\/www.facebook.com\/qualit.limousine","article_modified_time":"2025-02-19T03:17:57+00:00","twitter_card":"summary_large_image","twitter_misc":{"Est. reading time":"2 minutes"},"schema":{"@context":"https:\/\/schema.org","@graph":[{"@type":"WebPage","@id":"https:\/\/qualitlimousine.com\/fr\/services\/","url":"https:\/\/qualitlimousine.com\/fr\/services\/","name":"Montreal Limousine Services | QualiT Limousine","isPartOf":{"@id":"https:\/\/qualitlimousine.com\/fr\/#website"},"datePublished":"2019-12-12T09:19:06+00:00","dateModified":"2025-02-19T03:17:57+00:00","description":"Montreal Limousine Services - QualiT Limousine offers top-tier limo rentals for weddings, airport transfers, corporate events and long-distance travel. Experience luxurious transportation throughout Montreal and beyond. Book your ride now!","breadcrumb":{"@id":"https:\/\/qualitlimousine.com\/fr\/services\/#breadcrumb"},"inLanguage":"en-US","potentialAction":[{"@type":"ReadAction","target":["https:\/\/qualitlimousine.com\/fr\/services\/"]}]},{"@type":"BreadcrumbList","@id":"https:\/\/qualitlimousine.com\/fr\/services\/#breadcrumb","itemListElement":[{"@type":"ListItem","position":1,"name":"Home","item":"https:\/\/qualitlimousine.com\/fr\/"},{"@type":"ListItem","position":2,"name":"Services"}]},{"@type":"WebSite","@id":"https:\/\/qualitlimousine.com\/fr\/#website","url":"https:\/\/qualitlimousine.com\/fr\/","name":"Qualit Limousine","description":"Montreal Limousine Service","publisher":{"@id":"https:\/\/qualitlimousine.com\/fr\/#organization"},"potentialAction":[{"@type":"SearchAction","target":{"@type":"EntryPoint","urlTemplate":"https:\/\/qualitlimousine.com\/fr\/?s={search_term_string}"},"query-input":{"@type":"PropertyValueSpecification","valueRequired":true,"valueName":"search_term_string"}}],"inLanguage":"en-US"},{"@type":"Organization","@id":"https:\/\/qualitlimousine.com\/fr\/#organization","name":"Qualit Limousine","url":"https:\/\/qualitlimousine.com\/fr\/","logo":{"@type":"ImageObject","inLanguage":"en-US","@id":"https:\/\/qualitlimousine.com\/fr\/#\/schema\/logo\/image\/","url":"https:\/\/qualitlimousine.com\/fr\/wp-content\/uploads\/2019\/04\/1-1.jpg","contentUrl":"https:\/\/qualitlimousine.com\/fr\/wp-content\/uploads\/2019\/04\/1-1.jpg","width":61,"height":58,"caption":"Qualit Limousine"},"image":{"@id":"https:\/\/qualitlimousine.com\/fr\/#\/schema\/logo\/image\/"},"sameAs":["https:\/\/www.facebook.com\/qualit.limousine"]}]}},"_links":{"self":[{"href":"https:\/\/qualitlimousine.com\/fr\/wp-json\/wp\/v2\/pages\/11025","targetHints":{"allow":["GET"]}}],"collection":[{"href":"https:\/\/qualitlimousine.com\/fr\/wp-json\/wp\/v2\/pages"}],"about":[{"href":"https:\/\/qualitlimousine.com\/fr\/wp-json\/wp\/v2\/types\/page"}],"author":[{"embeddable":true,"href":"https:\/\/qualitlimousine.com\/fr\/wp-json\/wp\/v2\/users\/3"}],"replies":[{"embeddable":true,"href":"https:\/\/qualitlimousine.com\/fr\/wp-json\/wp\/v2\/comments?post=11025"}],"version-history":[{"count":6,"href":"https:\/\/qualitlimousine.com\/fr\/wp-json\/wp\/v2\/pages\/11025\/revisions"}],"predecessor-version":[{"id":13215,"href":"https:\/\/qualitlimousine.com\/fr\/wp-json\/wp\/v2\/pages\/11025\/revisions\/13215"}],"wp:attachment":[{"href":"https:\/\/qualitlimousine.com\/fr\/wp-json\/wp\/v2\/media?parent=11025"}],"curies":[{"name":"wp","href":"https:\/\/api.w.org\/{rel}","templated":true}]}}